{"id":915,"date":"2016-05-04T08:44:58","date_gmt":"2016-05-04T06:44:58","guid":{"rendered":"http:\/\/www.sim.utcluj.ro\/wp\/?page_id=915"},"modified":"2022-01-28T11:26:08","modified_gmt":"2022-01-28T09:26:08","slug":"regulament-concurs","status":"publish","type":"page","link":"https:\/\/sim.utcluj.ro\/?page_id=915","title":{"rendered":"Regulament concurs"},"content":{"rendered":"<div align=\"justify\">\n<p><a href=\"http:\/\/www.sim.utcluj.ro\/wp\/wp-content\/uploads\/2019\/04\/Simtech-junior.jpg\"><br \/>\n<img loading=\"lazy\" decoding=\"async\" class=\" wp-image-1998 aligncenter\" src=\"http:\/\/www.sim.utcluj.ro\/wp\/wp-content\/uploads\/2019\/04\/Simtech-junior-300x107.jpg\" alt=\"\" width=\"393\" height=\"140\" srcset=\"https:\/\/sim.utcluj.ro\/wp-content\/uploads\/2019\/04\/Simtech-junior-300x107.jpg 300w, https:\/\/sim.utcluj.ro\/wp-content\/uploads\/2019\/04\/Simtech-junior-768x274.jpg 768w, https:\/\/sim.utcluj.ro\/wp-content\/uploads\/2019\/04\/Simtech-junior-800x285.jpg 800w, https:\/\/sim.utcluj.ro\/wp-content\/uploads\/2019\/04\/Simtech-junior-285x102.jpg 285w, https:\/\/sim.utcluj.ro\/wp-content\/uploads\/2019\/04\/Simtech-junior.jpg 817w\" sizes=\"auto, (max-width: 393px) 100vw, 393px\" \/><\/a><\/p>\n<p style=\"text-align: center;\"><strong>REGULAMENTUL DE ORGANIZARE \u015eI DESF\u0102\u015eURARE A CONCURSULUI PROFESIONAL \u00ceN DOMENIILE MATERIALELOR AVANSATE \u015eI PROTECTIEI ME<\/strong><strong>DIULUI<\/strong><\/p>\n<p>Regulamentul de organizare \u0219i desf\u0103\u0219urare a concursului SIMTECH JUNIOR <em>poate fi consultat acces\u00e2nd <a href=\"https:\/\/simtech.utcluj.ro\/simtechjr\/2022\/Regulament%20SimTech%20Jr-online.pdf\">acest link<\/a><\/em>.<\/p>\n<p>Decan Facultatea IMM<\/p>\n<p>Prof.dr.ing. C\u0103t\u0103lin-Ovidiu Popa<\/p>\n<\/div>\n","protected":false},"excerpt":{"rendered":"<p>REGULAMENTUL DE ORGANIZARE \u015eI DESF\u0102\u015eURARE A CONCURSULUI PROFESIONAL \u00ceN DOMENIILE MATERIALELOR AVANSATE \u015eI PROTECTIEI MEDIULUI Regulamentul de organizare \u0219i desf\u0103\u0219urare a concursului SIMTECH JUNIOR poate fi consultat acces\u00e2nd acest link. Decan Facultatea IMM Prof.dr.ing. C\u0103t\u0103lin-Ovidiu Popa<\/p>\n","protected":false},"author":1,"featured_media":0,"parent":911,"menu_order":0,"comment_status":"closed","ping_status":"closed","template":"","meta":{"footnotes":""},"class_list":["post-915","page","type-page","status-publish","hentry"],"_links":{"self":[{"href":"https:\/\/sim.utcluj.ro\/index.php?rest_route=\/wp\/v2\/pages\/915","targetHints":{"allow":["GET"]}}],"collection":[{"href":"https:\/\/sim.utcluj.ro\/index.php?rest_route=\/wp\/v2\/pages"}],"about":[{"href":"https:\/\/sim.utcluj.ro\/index.php?rest_route=\/wp\/v2\/types\/page"}],"author":[{"embeddable":true,"href":"https:\/\/sim.utcluj.ro\/index.php?rest_route=\/wp\/v2\/users\/1"}],"replies":[{"embeddable":true,"href":"https:\/\/sim.utcluj.ro\/index.php?rest_route=%2Fwp%2Fv2%2Fcomments&post=915"}],"version-history":[{"count":8,"href":"https:\/\/sim.utcluj.ro\/index.php?rest_route=\/wp\/v2\/pages\/915\/revisions"}],"predecessor-version":[{"id":2688,"href":"https:\/\/sim.utcluj.ro\/index.php?rest_route=\/wp\/v2\/pages\/915\/revisions\/2688"}],"up":[{"embeddable":true,"href":"https:\/\/sim.utcluj.ro\/index.php?rest_route=\/wp\/v2\/pages\/911"}],"wp:attachment":[{"href":"https:\/\/sim.utcluj.ro\/index.php?rest_route=%2Fwp%2Fv2%2Fmedia&parent=915"}],"curies":[{"name":"wp","href":"https:\/\/api.w.org\/{rel}","templated":true}]}}