{"id":911,"date":"2016-05-04T08:37:25","date_gmt":"2016-05-04T06:37:25","guid":{"rendered":"http:\/\/www.sim.utcluj.ro\/wp\/?page_id=911"},"modified":"2026-02-26T16:57:43","modified_gmt":"2026-02-26T14:57:43","slug":"info-concurs-2","status":"publish","type":"page","link":"https:\/\/sim.utcluj.ro\/?page_id=911","title":{"rendered":"Concursuri pentru studen\u021bi\/elevi"},"content":{"rendered":"<p><a href=\"http:\/\/www.sim.utcluj.ro\/wp\/wp-content\/uploads\/2017\/03\/siglaSIMTECH.jpg\"><img loading=\"lazy\" decoding=\"async\" class=\"alignnone size-full wp-image-1132\" src=\"http:\/\/www.sim.utcluj.ro\/wp\/wp-content\/uploads\/2017\/03\/siglaSIMTECH.jpg\" alt=\"\" width=\"800\" height=\"286\" srcset=\"https:\/\/sim.utcluj.ro\/wp-content\/uploads\/2017\/03\/siglaSIMTECH.jpg 800w, https:\/\/sim.utcluj.ro\/wp-content\/uploads\/2017\/03\/siglaSIMTECH-300x107.jpg 300w, https:\/\/sim.utcluj.ro\/wp-content\/uploads\/2017\/03\/siglaSIMTECH-768x275.jpg 768w\" sizes=\"auto, (max-width: 800px) 100vw, 800px\" \/><\/a><\/p>\n<div align=\"justify\">\n<p>Concursul \u201cSIMTECH JUNIOR\u201d este organizat de Facultatea de Ingineria Materialelor \u0219i a Mediului, Universitatea Tehnic\u0103 din Cluj-Napoca \u0219i are ca obiective facilitarea form\u0103rii unei atitudini pozitive \u00een r\u00e2ndul\u00a0 elevilor privind studiul \u0219tiin\u021belor \u0219i al ingineriei, descoperirea elevilor cu aptitudini spre \u0219tiin\u021bele tehnice, precum \u0219i\u00a0 \u00eencurajarea\u00a0 elevilor din clasele terminale, pentru urmarea unei cariere \u00een inginerie. Concursul con\u021bine dou\u0103 sec\u021biuni: &#8220;<strong><span style=\"color: #ff0000;\">SIMTECH JUNIOR<\/span><\/strong>&#8221; \u0219i &#8220;<strong><span style=\"color: #ff0000;\">SIMTECH LAB<\/span><\/strong>&#8220;.<\/p>\n<p><a href=\"http:\/\/www.sim.utcluj.ro\/wp\/wp-content\/uploads\/2016\/05\/IMM_admitere6.jpg\"><img loading=\"lazy\" decoding=\"async\" class=\"alignnone size-full wp-image-1587\" src=\"http:\/\/www.sim.utcluj.ro\/wp\/wp-content\/uploads\/2016\/05\/IMM_admitere6.jpg\" alt=\"\" width=\"800\" height=\"501\" srcset=\"https:\/\/sim.utcluj.ro\/wp-content\/uploads\/2016\/05\/IMM_admitere6.jpg 800w, https:\/\/sim.utcluj.ro\/wp-content\/uploads\/2016\/05\/IMM_admitere6-300x188.jpg 300w, https:\/\/sim.utcluj.ro\/wp-content\/uploads\/2016\/05\/IMM_admitere6-768x481.jpg 768w\" sizes=\"auto, (max-width: 800px) 100vw, 800px\" \/><\/a><\/p>\n<p>Concursul &#8220;<strong><span style=\"color: #ff0000;\">SIMTECH JUNIOR<\/span><\/strong>&#8221; sec\u021biunea <span style=\"color: #800000;\"><em><strong>Materiale Avansate <\/strong><\/em><\/span>se va desf\u0103\u015fura online joi, <strong>12\u00a0 martie 2026<\/strong> \u00eentre orele\u00a0 17:00 \u0219i 20:00 \u015fi va cuprinde dou\u0103 sec\u0163iuni:<\/p>\n<p><span style=\"font-size: 16px; color: initial;\">\u00censcrierea la concurs se poate face p\u00e2n\u0103 \u00een data de <\/span><strong style=\"font-size: 16px; color: initial;\">11 martie 2026<\/strong><span style=\"font-size: 16px; color: initial;\">\u00a0ora 23:59 acces\u00e2nd acest <\/span><a style=\"font-size: 16px;\" href=\"https:\/\/sim.utcluj.ro\/?page_id=893\">link<\/a><span style=\"font-size: 16px; color: initial;\">.<\/span><\/p>\n<p>Concursul &#8220;<strong><span style=\"color: #ff0000;\">SIMTECH LAB<\/span><\/strong>&#8221; sec\u021biunea <em><strong><span style=\"color: #800000;\">Materiale Avansate <\/span><\/strong><\/em>const\u0103 \u00een efectuarea unor lucr\u0103ri experimentale \u00een laboratoarele Facult\u0103\u021bii de Ingineria Materialelor \u0219i a Mediului, departamentul de \u0218tiin\u021ba \u0219i Ingineria Materialelor (B-dul Muncii, nr. 103-105, Cluj-Napoca) \u0219i va avea loc \u00een perioada vineri, <strong>17 aprilie 2026<\/strong>, ora 09:00.<\/p>\n<p>C\u00e2\u0219tig\u0103torii premiilor I, II \u0219i III precum \u0219i c\u00e2\u0219tig\u0103torii men\u021biunilor <span style=\"color: #ff0000;\"><strong>vor fi declara\u021bi admi\u0219i<\/strong>\u00a0<\/span>la\u00a0 Facultatea de Ingineria Materialelor \u015fi a Mediului, Universitatea Tehnic\u0103 din Cluj-Napoca \u00een cazul promov\u0103rii bacalaureatului \u0219i a depunerii dosarului de admitere \u00een limita a 30 % din locuri.<\/p>\n<p>Admiterea automat\u0103 implic\u0103 \u00eenscrierea la concursul de admitere din anul respectiv (depunerea dosarului), cu \u00eendeplinirea tuturor condi\u0163iilor impuse candida\u0163ilor \u00een acest sens.<\/p>\n<p>\u00censcrierea la concurs se poate face p\u00e2n\u0103 \u00een data de <strong>13 aprilie 2026<\/strong> ora 23:59 acces\u00e2nd acest <a href=\"https:\/\/sim.utcluj.ro\/?page_id=2513\">link<\/a><strong>.<\/strong><\/p>\n<p>Rezultatele concursului se vor afi\u015fa la afi\u015fierul Facult\u0103\u0163ii de Ingineria Materialelor \u015fi a Mediului din Cluj-Napoca \u015fi pe pagina de internet a concursului. Deasemenea, c\u00e2\u015ftig\u0103torii concursului vor fi anun\u0163a\u0163i \u015fi pe <a href=\"https:\/\/www.facebook.com\/Facultatea.IMM\/\">pagina Facebook a facult\u0103\u0163ii<\/a>.<\/p>\n<\/div>\n","protected":false},"excerpt":{"rendered":"<p>Concursul \u201cSIMTECH JUNIOR\u201d este organizat de Facultatea de Ingineria Materialelor \u0219i a Mediului, Universitatea Tehnic\u0103 din Cluj-Napoca \u0219i are ca obiective facilitarea form\u0103rii unei atitudini pozitive \u00een r\u00e2ndul\u00a0 elevilor privind studiul \u0219tiin\u021belor \u0219i al ingineriei, descoperirea elevilor cu aptitudini spre \u0219tiin\u021bele tehnice, precum \u0219i\u00a0 \u00eencurajarea\u00a0 elevilor din clasele terminale, pentru urmarea unei cariere \u00een inginerie. [&hellip;]<\/p>\n","protected":false},"author":1,"featured_media":0,"parent":69,"menu_order":0,"comment_status":"closed","ping_status":"closed","template":"","meta":{"footnotes":""},"class_list":["post-911","page","type-page","status-publish","hentry"],"_links":{"self":[{"href":"https:\/\/sim.utcluj.ro\/index.php?rest_route=\/wp\/v2\/pages\/911","targetHints":{"allow":["GET"]}}],"collection":[{"href":"https:\/\/sim.utcluj.ro\/index.php?rest_route=\/wp\/v2\/pages"}],"about":[{"href":"https:\/\/sim.utcluj.ro\/index.php?rest_route=\/wp\/v2\/types\/page"}],"author":[{"embeddable":true,"href":"https:\/\/sim.utcluj.ro\/index.php?rest_route=\/wp\/v2\/users\/1"}],"replies":[{"embeddable":true,"href":"https:\/\/sim.utcluj.ro\/index.php?rest_route=%2Fwp%2Fv2%2Fcomments&post=911"}],"version-history":[{"count":44,"href":"https:\/\/sim.utcluj.ro\/index.php?rest_route=\/wp\/v2\/pages\/911\/revisions"}],"predecessor-version":[{"id":3832,"href":"https:\/\/sim.utcluj.ro\/index.php?rest_route=\/wp\/v2\/pages\/911\/revisions\/3832"}],"up":[{"embeddable":true,"href":"https:\/\/sim.utcluj.ro\/index.php?rest_route=\/wp\/v2\/pages\/69"}],"wp:attachment":[{"href":"https:\/\/sim.utcluj.ro\/index.php?rest_route=%2Fwp%2Fv2%2Fmedia&parent=911"}],"curies":[{"name":"wp","href":"https:\/\/api.w.org\/{rel}","templated":true}]}}