{"id":880,"date":"2016-03-18T09:22:25","date_gmt":"2016-03-18T07:22:25","guid":{"rendered":"http:\/\/www.sim.utcluj.ro\/wp\/?page_id=880"},"modified":"2017-03-23T20:47:26","modified_gmt":"2017-03-23T18:47:26","slug":"seminarii","status":"publish","type":"page","link":"https:\/\/sim.utcluj.ro\/?page_id=880","title":{"rendered":"DIALOG SEMICONDUCTORS"},"content":{"rendered":"<p>Luni 21 martie 2016, ora 12.00, \u00een amfiteatrul M14, B-dul Muncii 101-103, Departamentul de \u015etiin\u0163a \u015fi Ingineria Materialelor din cadrul Facult\u0103\u0163ii de Ingineria Materialelor \u015fi a Mediului, v\u0103 invit\u0103 s\u0103 participa\u0163i la seminarul:<\/p>\n<p>Prezentat de Ing. Pop Emil<\/p>\n<p>Engineering Manager, Failure Analysis and Reliability<\/p>\n<p>Laboratory at Dialog Semiconductor, Kirchheim Teck, Germany<\/p>\n<p>\u00cen cadrul seminarului vor fi prezentate aplica\u0163ii, metode control \u015fi analiz\u0103 a chip-urilor, precum \u015fi alte informa\u0163ii din domeniul materialelor semiconductoare.<\/p>\n<p><a href=\"http:\/\/www.sim.utcluj.ro\/wp\/wp-content\/uploads\/2016\/03\/Seminar-Dialog-Semiconductors.jpg\"><img loading=\"lazy\" decoding=\"async\" class=\"alignnone size-full wp-image-883\" src=\"http:\/\/www.sim.utcluj.ro\/wp\/wp-content\/uploads\/2016\/03\/Seminar-Dialog-Semiconductors.jpg\" alt=\"Seminar Dialog Semiconductors\" width=\"800\" height=\"1130\" srcset=\"https:\/\/sim.utcluj.ro\/wp-content\/uploads\/2016\/03\/Seminar-Dialog-Semiconductors.jpg 800w, https:\/\/sim.utcluj.ro\/wp-content\/uploads\/2016\/03\/Seminar-Dialog-Semiconductors-212x300.jpg 212w, https:\/\/sim.utcluj.ro\/wp-content\/uploads\/2016\/03\/Seminar-Dialog-Semiconductors-725x1024.jpg 725w, https:\/\/sim.utcluj.ro\/wp-content\/uploads\/2016\/03\/Seminar-Dialog-Semiconductors-425x600.jpg 425w\" sizes=\"auto, (max-width: 800px) 100vw, 800px\" \/><\/a><\/p>\n","protected":false},"excerpt":{"rendered":"<p>Luni 21 martie 2016, ora 12.00, \u00een amfiteatrul M14, B-dul Muncii 101-103, Departamentul de \u015etiin\u0163a \u015fi Ingineria Materialelor din cadrul Facult\u0103\u0163ii de Ingineria Materialelor \u015fi a Mediului, v\u0103 invit\u0103 s\u0103 participa\u0163i la seminarul: Prezentat de Ing. Pop Emil Engineering Manager, Failure Analysis and Reliability Laboratory at Dialog Semiconductor, Kirchheim Teck, Germany \u00cen cadrul seminarului vor [&hellip;]<\/p>\n","protected":false},"author":1,"featured_media":0,"parent":1086,"menu_order":0,"comment_status":"closed","ping_status":"closed","template":"","meta":{"footnotes":""},"class_list":["post-880","page","type-page","status-publish","hentry"],"_links":{"self":[{"href":"https:\/\/sim.utcluj.ro\/index.php?rest_route=\/wp\/v2\/pages\/880","targetHints":{"allow":["GET"]}}],"collection":[{"href":"https:\/\/sim.utcluj.ro\/index.php?rest_route=\/wp\/v2\/pages"}],"about":[{"href":"https:\/\/sim.utcluj.ro\/index.php?rest_route=\/wp\/v2\/types\/page"}],"author":[{"embeddable":true,"href":"https:\/\/sim.utcluj.ro\/index.php?rest_route=\/wp\/v2\/users\/1"}],"replies":[{"embeddable":true,"href":"https:\/\/sim.utcluj.ro\/index.php?rest_route=%2Fwp%2Fv2%2Fcomments&post=880"}],"version-history":[{"count":4,"href":"https:\/\/sim.utcluj.ro\/index.php?rest_route=\/wp\/v2\/pages\/880\/revisions"}],"predecessor-version":[{"id":1088,"href":"https:\/\/sim.utcluj.ro\/index.php?rest_route=\/wp\/v2\/pages\/880\/revisions\/1088"}],"up":[{"embeddable":true,"href":"https:\/\/sim.utcluj.ro\/index.php?rest_route=\/wp\/v2\/pages\/1086"}],"wp:attachment":[{"href":"https:\/\/sim.utcluj.ro\/index.php?rest_route=%2Fwp%2Fv2%2Fmedia&parent=880"}],"curies":[{"name":"wp","href":"https:\/\/api.w.org\/{rel}","templated":true}]}}