{"id":773,"date":"2015-07-06T23:12:34","date_gmt":"2015-07-06T21:12:34","guid":{"rendered":"http:\/\/www.sim.utcluj.ro\/wp\/?page_id=773"},"modified":"2025-08-06T17:47:22","modified_gmt":"2025-08-06T15:47:22","slug":"admitere","status":"publish","type":"page","link":"https:\/\/sim.utcluj.ro\/?page_id=773","title":{"rendered":"Admitere"},"content":{"rendered":"\n<p><\/p>\n\n\n\n<p><mark style=\"background-color:rgba(0, 0, 0, 0)\" class=\"has-inline-color has-vivid-purple-color\"><strong>ADMITERE LICEN\u021a\u0102 &#8211; SESIUNEA SEPTEMBRIE 2025<\/strong><\/mark><\/p>\n\n\n\n<p>Departamentul de <strong>\u0218tiin\u021ba \u0219i Ingineria Materialelor<\/strong> gestioneaz\u0103 pentru domeniul de <strong><mark style=\"background-color:rgba(0, 0, 0, 0)\" class=\"has-inline-color has-vivid-cyan-blue-color\">Ingineria Materialelor<\/mark><\/strong> urm\u0103toarele specializ\u0103ri pentru ciclul de <strong><mark style=\"background-color:rgba(0, 0, 0, 0)\" class=\"has-inline-color has-vivid-cyan-blue-color\">LICEN\u021a\u0102<\/mark><\/strong>:<\/p>\n\n\n\n<ul class=\"wp-block-list\">\n<li><strong><mark style=\"background-color:rgba(0, 0, 0, 0)\" class=\"has-inline-color has-vivid-red-color\">\u0218TIIN\u021aA MATERIALELOR<\/mark><\/strong><\/li>\n<\/ul>\n\n\n\n<ul class=\"wp-block-list\">\n<li><mark style=\"background-color:rgba(0, 0, 0, 0)\" class=\"has-inline-color has-vivid-red-color\"><strong>INGINERIA PROCES\u0102RII MATERIALELOR<\/strong><\/mark><\/li>\n<\/ul>\n\n\n\n<ul class=\"wp-block-list\">\n<li><strong><mark style=\"background-color:rgba(0, 0, 0, 0)\" class=\"has-inline-color has-vivid-red-color\">MATERIALS SCIENCE (limba englez\u0103)<\/mark><\/strong><\/li>\n<\/ul>\n\n\n\n<p><strong><em>\u00censcrierea<\/em><\/strong> se realizeaz\u0103 <strong><em><a href=\"https:\/\/admitereonline.utcluj.ro\/\">ONLINE<\/a><\/em><\/strong> \u00een perioada <strong><em>1 august &#8211; 6 septembrie 2025, ora 15:00<\/em><\/strong>.<\/p>\n\n\n\n<p>Domeniul Ingineria Materialelor preg\u0103te\u0219te ingineri cu o mare flexibilitate profesional\u0103 pentru diferite domenii inginere\u0219ti, flexibilitate ce deriv\u0103 tocmai din caracterul interdisciplinar al acestui domeniu de studiu. Viitorul inginer va dob\u00e2ndi cuno\u0219tin\u021be referitoare at\u00e2t la materiale, c\u00e2t \u0219i la procesarea acestora, fiind capabil s\u0103 ac\u021bioneze \u00een cadrul oric\u0103rei aplica\u021bii specifice.<\/p>\n\n\n\n<p>Competen\u021bele profesionale ale absolven\u021bilor cuprind analiza \u0219i selec\u021bia optim\u0103 at\u00e2t a materialelor, c\u00e2t \u0219i a tehnologiei de procesare a acestora, proiectarea de noi materiale pentru diverse domenii de activitate (electronic\u0103, medicin\u0103, construc\u021bii de ma\u0219ini, tehnologia informa\u021biei, etc.), proiectarea, conducerea, optimizarea \u015fi analiza economic\u0103 a proceselor tehnologice, analiza avariilor.<\/p>\n\n\n\n<p><mark style=\"background-color:rgba(0, 0, 0, 0)\" class=\"has-inline-color has-vivid-purple-color\"><strong><em>Locuri <\/em>Buget: 15  <\/strong><\/mark><\/p>\n\n\n\n<p><mark style=\"background-color:rgba(0, 0, 0, 0)\" class=\"has-inline-color has-vivid-purple-color\"><strong>Locuri tax\u0103: 20<\/strong><\/mark> <\/p>\n\n\n\n<p><\/p>\n\n\n\n<figure class=\"wp-block-image size-full is-resized\"><a href=\"https:\/\/sim.utcluj.ro\/wp-content\/uploads\/2025\/08\/Admitere-licenta-sept.-2025.png\"><img loading=\"lazy\" decoding=\"async\" width=\"940\" height=\"788\" src=\"https:\/\/sim.utcluj.ro\/wp-content\/uploads\/2025\/08\/Admitere-licenta-sept.-2025.png\" alt=\"\" class=\"wp-image-3707\" style=\"width:662px;height:555px\" srcset=\"https:\/\/sim.utcluj.ro\/wp-content\/uploads\/2025\/08\/Admitere-licenta-sept.-2025.png 940w, https:\/\/sim.utcluj.ro\/wp-content\/uploads\/2025\/08\/Admitere-licenta-sept.-2025-300x251.png 300w, https:\/\/sim.utcluj.ro\/wp-content\/uploads\/2025\/08\/Admitere-licenta-sept.-2025-768x644.png 768w, https:\/\/sim.utcluj.ro\/wp-content\/uploads\/2025\/08\/Admitere-licenta-sept.-2025-459x385.png 459w, https:\/\/sim.utcluj.ro\/wp-content\/uploads\/2025\/08\/Admitere-licenta-sept.-2025-243x204.png 243w, https:\/\/sim.utcluj.ro\/wp-content\/uploads\/2025\/08\/Admitere-licenta-sept.-2025-600x503.png 600w\" sizes=\"auto, (max-width: 940px) 100vw, 940px\" \/><\/a><\/figure>\n\n\n\n<p><mark style=\"background-color:rgba(0, 0, 0, 0)\" class=\"has-inline-color has-vivid-purple-color\"><strong>ADMITERE MASTER &#8211; SESIUNEA IULIE 2025<\/strong><\/mark><\/p>\n\n\n\n<p>Departamentul de <strong>\u0218tiin\u021ba \u0219i Ingineria Materialelor<\/strong> gestioneaz\u0103 pentru domeniul de <strong><mark style=\"background-color:rgba(0, 0, 0, 0)\" class=\"has-inline-color has-vivid-cyan-blue-color\">Ingineria Materialelor<\/mark><\/strong> urm\u0103toarele specializ\u0103ri pentru ciclu de <strong><mark style=\"background-color:rgba(0, 0, 0, 0)\" class=\"has-inline-color has-vivid-cyan-blue-color\">MASTERAT<\/mark><\/strong>:<\/p>\n\n\n\n<ul class=\"wp-block-list\">\n<li><strong><mark style=\"background-color:rgba(0, 0, 0, 0)\" class=\"has-inline-color has-vivid-red-color\">MATERIALE \u0218I TEHNOLOGII AVANSATE<\/mark><\/strong><\/li>\n<\/ul>\n\n\n\n<ul class=\"wp-block-list\">\n<li><strong><mark style=\"background-color:rgba(0, 0, 0, 0)\" class=\"has-inline-color has-vivid-red-color\">INGINERIA \u0218I MANAGEMENTUL PROCES\u0102RII AVANSATE A MATERIALELOR<\/mark><\/strong><\/li>\n<\/ul>\n\n\n\n<ul class=\"wp-block-list\">\n<li><strong><mark style=\"background-color:rgba(0, 0, 0, 0)\" class=\"has-inline-color has-vivid-red-color\">SUDAREA \u0218I ASIGURAREA CALIT\u0102\u021aII MATERIALELOR<\/mark><\/strong><\/li>\n<\/ul>\n\n\n\n<ul class=\"wp-block-list\">\n<li><strong><mark style=\"background-color:rgba(0, 0, 0, 0)\" class=\"has-inline-color has-vivid-red-color\">MATERIALE ECO-SMART \u00ceN DEZVOLTAREA DURABIL\u0102<\/mark><\/strong><\/li>\n<\/ul>\n\n\n\n<p><strong><em>\u00censcrierea<\/em><\/strong> se realizeaz\u0103 <strong><em><a href=\"https:\/\/admitereonline.utcluj.ro\/\">ONLINE<\/a><\/em><\/strong> \u00een perioada <strong><em> 9 &#8211; 14 septembrie 2025, ora 12:00<\/em><\/strong>.<\/p>\n","protected":false},"excerpt":{"rendered":"<p>ADMITERE LICEN\u021a\u0102 &#8211; SESIUNEA SEPTEMBRIE 2025 Departamentul de \u0218tiin\u021ba \u0219i Ingineria Materialelor gestioneaz\u0103 pentru domeniul de Ingineria Materialelor urm\u0103toarele specializ\u0103ri pentru ciclul de LICEN\u021a\u0102: \u00censcrierea se realizeaz\u0103 ONLINE \u00een perioada 1 august &#8211; 6 septembrie 2025, ora 15:00. Domeniul Ingineria Materialelor preg\u0103te\u0219te ingineri cu o mare flexibilitate profesional\u0103 pentru diferite domenii inginere\u0219ti, flexibilitate ce deriv\u0103 [&hellip;]<\/p>\n","protected":false},"author":1,"featured_media":0,"parent":0,"menu_order":0,"comment_status":"closed","ping_status":"closed","template":"","meta":{"footnotes":""},"class_list":["post-773","page","type-page","status-publish","hentry"],"_links":{"self":[{"href":"https:\/\/sim.utcluj.ro\/index.php?rest_route=\/wp\/v2\/pages\/773","targetHints":{"allow":["GET"]}}],"collection":[{"href":"https:\/\/sim.utcluj.ro\/index.php?rest_route=\/wp\/v2\/pages"}],"about":[{"href":"https:\/\/sim.utcluj.ro\/index.php?rest_route=\/wp\/v2\/types\/page"}],"author":[{"embeddable":true,"href":"https:\/\/sim.utcluj.ro\/index.php?rest_route=\/wp\/v2\/users\/1"}],"replies":[{"embeddable":true,"href":"https:\/\/sim.utcluj.ro\/index.php?rest_route=%2Fwp%2Fv2%2Fcomments&post=773"}],"version-history":[{"count":56,"href":"https:\/\/sim.utcluj.ro\/index.php?rest_route=\/wp\/v2\/pages\/773\/revisions"}],"predecessor-version":[{"id":3709,"href":"https:\/\/sim.utcluj.ro\/index.php?rest_route=\/wp\/v2\/pages\/773\/revisions\/3709"}],"wp:attachment":[{"href":"https:\/\/sim.utcluj.ro\/index.php?rest_route=%2Fwp%2Fv2%2Fmedia&parent=773"}],"curies":[{"name":"wp","href":"https:\/\/api.w.org\/{rel}","templated":true}]}}