{"id":658,"date":"2015-05-27T21:13:32","date_gmt":"2015-05-27T19:13:32","guid":{"rendered":"http:\/\/www.sim.utcluj.ro\/wp\/?page_id=658"},"modified":"2017-03-23T20:47:36","modified_gmt":"2017-03-23T18:47:36","slug":"zilele-portilor-deschise","status":"publish","type":"page","link":"https:\/\/sim.utcluj.ro\/?page_id=658","title":{"rendered":"Zilele Por\u0163ilor Deschise"},"content":{"rendered":"<p><a href=\"http:\/\/www.sim.utcluj.ro\/wp\/wp-content\/uploads\/2015\/05\/ZPD2015_1.jpg\"><img loading=\"lazy\" decoding=\"async\" class=\"alignleft size-full wp-image-660\" src=\"http:\/\/www.sim.utcluj.ro\/wp\/wp-content\/uploads\/2015\/05\/ZPD2015_1.jpg\" alt=\"ZPD2015_1\" width=\"511\" height=\"383\" srcset=\"https:\/\/sim.utcluj.ro\/wp-content\/uploads\/2015\/05\/ZPD2015_1.jpg 511w, https:\/\/sim.utcluj.ro\/wp-content\/uploads\/2015\/05\/ZPD2015_1-300x225.jpg 300w\" sizes=\"auto, (max-width: 511px) 100vw, 511px\" \/><\/a>Zilele Por\u0163ilor Deschise este un eveniment anual organizat de Facultatea de Ingineria Materialelor \u015fi a Mediului pentru a oferi absolven\u0163ilor \u015fi studen\u0163ilor no\u015ftri un cadru profesional de \u00eent\u00e2lnire cu mediul de afaceri \u00eempreun\u0103 cu corpul didactic \u015fi de cercetare al facult\u0103\u0163ii.<\/p>\n<p>Cu acest prilej se dezbat \u00een cadrul unei mese rotunde idei \u015fi solu\u0163ii menite s\u0103 conduc\u0103 la cre\u015fterea impactului actului educa\u0163ional asupra preg\u0103tirii \u015fi calific\u0103rii absolven\u0163ilor no\u015ftri pe o pia\u0163\u0103 a muncii concuren\u0163ial\u0103. Deasemenea, c\u0103ut\u0103m s\u0103 construim noi pun\u0163i de leg\u0103tur\u0103 cu mediul economic, principalul beneficiar care angajeaz\u0103 tineri absolven\u0163i ai facult\u0103\u0163ii noastre.<\/p>\n<p>S-au \u00eent\u00e2lnit genera\u0163ii diferite de absolven\u0163i, mul\u0163i dintre ace\u015ftia ocup\u00e2nd \u00een prezent func\u0163ii de conducere \u00een cadrul unor companii importante din Rom\u00e2nia \u015fi nu numai. Este un moment de \u00eemplinire \u015fi bucurie s\u0103 avem parteneri de dialog fo\u015fti absolven\u0163i ai Facult\u0103tii de Ingineria Materialelor \u015fi a Mediului care acum sunt manageri de succes sau ingineri tehnologi, personal de cercetare etc. \u015fi contribuie la dezvoltarea economic\u0103 a \u0163\u0103rii.<\/p>\n<p>Tot \u00een cadrul acestui eveniment, am primit vizite din partea elevilor unor licee din Cluj-Napoca sau din jude\u0163ele \u00eenvecinate, care au dorit s\u0103 afle mai multe despre specializ\u0103rile noastre din oferta educa\u0163ional\u0103. S-au vizitat laboratoarele din cadrul faculta\u0163ii \u015fi probabil s-au lansat noi destine, orientate spre o carier\u0103 \u00een domeniul ingineriei materialelor \u015fi a mediului.<\/p>\n<p><a href=\"http:\/\/www.sim.utcluj.ro\/download\/ZPD2015.pptx\">Descarca prezentare absolventi Facultate IMM<\/a><\/p>\n","protected":false},"excerpt":{"rendered":"<p>Zilele Por\u0163ilor Deschise este un eveniment anual organizat de Facultatea de Ingineria Materialelor \u015fi a Mediului pentru a oferi absolven\u0163ilor \u015fi studen\u0163ilor no\u015ftri un cadru profesional de \u00eent\u00e2lnire cu mediul de afaceri \u00eempreun\u0103 cu corpul didactic \u015fi de cercetare al facult\u0103\u0163ii. Cu acest prilej se dezbat \u00een cadrul unei mese rotunde idei \u015fi solu\u0163ii menite [&hellip;]<\/p>\n","protected":false},"author":1,"featured_media":0,"parent":69,"menu_order":0,"comment_status":"closed","ping_status":"closed","template":"","meta":{"footnotes":""},"class_list":["post-658","page","type-page","status-publish","hentry"],"_links":{"self":[{"href":"https:\/\/sim.utcluj.ro\/index.php?rest_route=\/wp\/v2\/pages\/658","targetHints":{"allow":["GET"]}}],"collection":[{"href":"https:\/\/sim.utcluj.ro\/index.php?rest_route=\/wp\/v2\/pages"}],"about":[{"href":"https:\/\/sim.utcluj.ro\/index.php?rest_route=\/wp\/v2\/types\/page"}],"author":[{"embeddable":true,"href":"https:\/\/sim.utcluj.ro\/index.php?rest_route=\/wp\/v2\/users\/1"}],"replies":[{"embeddable":true,"href":"https:\/\/sim.utcluj.ro\/index.php?rest_route=%2Fwp%2Fv2%2Fcomments&post=658"}],"version-history":[{"count":4,"href":"https:\/\/sim.utcluj.ro\/index.php?rest_route=\/wp\/v2\/pages\/658\/revisions"}],"predecessor-version":[{"id":663,"href":"https:\/\/sim.utcluj.ro\/index.php?rest_route=\/wp\/v2\/pages\/658\/revisions\/663"}],"up":[{"embeddable":true,"href":"https:\/\/sim.utcluj.ro\/index.php?rest_route=\/wp\/v2\/pages\/69"}],"wp:attachment":[{"href":"https:\/\/sim.utcluj.ro\/index.php?rest_route=%2Fwp%2Fv2%2Fmedia&parent=658"}],"curies":[{"name":"wp","href":"https:\/\/api.w.org\/{rel}","templated":true}]}}