{"id":529,"date":"2015-02-23T16:29:27","date_gmt":"2015-02-23T14:29:27","guid":{"rendered":"http:\/\/www.sim.utcluj.ro\/wp\/?page_id=529"},"modified":"2017-03-23T20:46:52","modified_gmt":"2017-03-23T18:46:52","slug":"matehn02","status":"publish","type":"page","link":"https:\/\/sim.utcluj.ro\/?page_id=529","title":{"rendered":"MATEHN&#8217;02"},"content":{"rendered":"<p>The Third International Conference on Materials and Manufacturing Technologies MATEHN&#8217;02 was held in Cluj-Napoca, Romania, from 12 to 14 September 2002. The Conference was organised by the Technical University of Cluj-Napoca and Ministry of Education and Research in collaboration with Romanian Academy of Technical Sciences, Romanian Society of Powder Metallurgy, Romanian Society of Materials Science, Romanian Association of Heat Treatment, Romanian Forging Association and Romanian Foundry Association.<\/p>\n<p><a href=\"http:\/\/www.sim.utcluj.ro\/wp\/wp-content\/uploads\/2015\/02\/Matehn2002.jpg\"><img loading=\"lazy\" decoding=\"async\" class=\"alignleft size-full wp-image-508\" src=\"http:\/\/www.sim.utcluj.ro\/wp\/wp-content\/uploads\/2015\/02\/Matehn2002.jpg\" alt=\"Matehn2002\" width=\"600\" height=\"865\" srcset=\"https:\/\/sim.utcluj.ro\/wp-content\/uploads\/2015\/02\/Matehn2002.jpg 600w, https:\/\/sim.utcluj.ro\/wp-content\/uploads\/2015\/02\/Matehn2002-208x300.jpg 208w, https:\/\/sim.utcluj.ro\/wp-content\/uploads\/2015\/02\/Matehn2002-416x600.jpg 416w\" sizes=\"auto, (max-width: 600px) 100vw, 600px\" \/><\/a><\/p>\n<p>ISSN: 1221-5872<\/p>\n<p><a href=\"http:\/\/www.sim.utcluj.ro\/wp\/wp-content\/uploads\/2015\/02\/Matehn2002_1.jpg\"><img loading=\"lazy\" decoding=\"async\" class=\"alignleft size-full wp-image-509\" src=\"http:\/\/www.sim.utcluj.ro\/wp\/wp-content\/uploads\/2015\/02\/Matehn2002_1.jpg\" alt=\"Matehn2002_1\" width=\"600\" height=\"621\" srcset=\"https:\/\/sim.utcluj.ro\/wp-content\/uploads\/2015\/02\/Matehn2002_1.jpg 600w, https:\/\/sim.utcluj.ro\/wp-content\/uploads\/2015\/02\/Matehn2002_1-290x300.jpg 290w, https:\/\/sim.utcluj.ro\/wp-content\/uploads\/2015\/02\/Matehn2002_1-580x600.jpg 580w\" sizes=\"auto, (max-width: 600px) 100vw, 600px\" \/><\/a><a href=\"http:\/\/www.sim.utcluj.ro\/wp\/wp-content\/uploads\/2015\/02\/Matehn2002_2.jpg\"><img loading=\"lazy\" decoding=\"async\" class=\"alignleft size-full wp-image-510\" src=\"http:\/\/www.sim.utcluj.ro\/wp\/wp-content\/uploads\/2015\/02\/Matehn2002_2.jpg\" alt=\"Matehn2002_2\" width=\"600\" height=\"701\" srcset=\"https:\/\/sim.utcluj.ro\/wp-content\/uploads\/2015\/02\/Matehn2002_2.jpg 600w, https:\/\/sim.utcluj.ro\/wp-content\/uploads\/2015\/02\/Matehn2002_2-257x300.jpg 257w, https:\/\/sim.utcluj.ro\/wp-content\/uploads\/2015\/02\/Matehn2002_2-514x600.jpg 514w\" sizes=\"auto, (max-width: 600px) 100vw, 600px\" \/><\/a><\/p>\n<p>List of selected papers:<\/p>\n<p><img loading=\"lazy\" decoding=\"async\" class=\"alignleft size-full wp-image-552\" src=\"http:\/\/www.sim.utcluj.ro\/wp\/wp-content\/uploads\/2015\/02\/pdf-icon.jpg\" alt=\"pdf-icon\" width=\"30\" height=\"30\" \/><a href=\"http:\/\/www.sim.utcluj.ro\/research\/pdf\/matehn-02_MPop_1.pdf\" target=\"_blank\">Aspects regarding the mathematical modelling of non conventional processes of plastic deformation<\/a>, M.Pop, MATEHN&#8217;02 Conference, vol1, pp 411, 2002<\/p>\n<p><img loading=\"lazy\" decoding=\"async\" class=\"alignleft size-full wp-image-552\" src=\"http:\/\/www.sim.utcluj.ro\/wp\/wp-content\/uploads\/2015\/02\/pdf-icon.jpg\" alt=\"pdf-icon\" width=\"30\" height=\"30\" \/><a href=\"http:\/\/www.sim.utcluj.ro\/research\/pdf\/matehn-02_MPop_1.pdf\" target=\"_blank\">The influence of partial pressure of sputtering gases on the electrical resistence of Bi:2201 thin films<\/a>, A.V.Pop, G.Ilonca, M.Pop, R. Deltour, MATEHN&#8217;02 Conference, vol1, pp213, 2002<\/p>\n<p><img loading=\"lazy\" decoding=\"async\" class=\"alignleft size-full wp-image-552\" src=\"http:\/\/www.sim.utcluj.ro\/wp\/wp-content\/uploads\/2015\/02\/pdf-icon.jpg\" alt=\"pdf-icon\" width=\"30\" height=\"30\" \/><a href=\"http:\/\/www.sim.utcluj.ro\/research\/pdf\/matehn-02_Neag.pdf\" target=\"_blank\">Thixoforming-Considerations About A New Solution for the Future<\/a>, A.Neag, T.Canta, N.Cioica*, Technical University of Cluj Napoca, *S.C.Tehnomag SA Cluj, MATEHN\u201902, Acta Technica Napocensis, 45 (2002)<\/p>\n<p><img loading=\"lazy\" decoding=\"async\" class=\"alignleft size-full wp-image-552\" src=\"http:\/\/www.sim.utcluj.ro\/wp\/wp-content\/uploads\/2015\/02\/pdf-icon.jpg\" alt=\"pdf-icon\" width=\"30\" height=\"30\" \/><a href=\"http:\/\/www.sim.utcluj.ro\/research\/pdf\/matehn-02_Cioica.pdf\">Considerations on Forming of Nonferous Metallic Materials By Semi-Solid Injection Moulding<\/a>, N. Cioica, A. Dragoste, F. Gnandt, T. Canta*, A. Neag*, SC Tehnomag-CUG SA,\u00a0 Technical University of Cluj, Romania, MATEHN\u201902, Acta Technica Napocensis, 45 (2002)<\/p>\n<p><img loading=\"lazy\" decoding=\"async\" class=\"alignleft size-full wp-image-552\" src=\"http:\/\/www.sim.utcluj.ro\/wp\/wp-content\/uploads\/2015\/02\/pdf-icon.jpg\" alt=\"pdf-icon\" width=\"30\" height=\"30\" \/> <a href=\"http:\/\/www.sim.utcluj.ro\/research\/pdf\/SBoca_Matehn02.pdf\" target=\"_blank\">Friction Assisted Pressing of PM Components<\/a>, Canta, I. M. SAS-BOCA, D. Frunza, Third Int. Conf. on Materials and Manufacturing Technologies, MATEHN\u201902, 12-14 septembrie, Cluj-Napoca, Romania, Vol.I, p. 534-539, ISSN 1221-5872<\/p>\n<p><img loading=\"lazy\" decoding=\"async\" class=\"alignleft size-full wp-image-552\" src=\"http:\/\/www.sim.utcluj.ro\/wp\/wp-content\/uploads\/2015\/02\/pdf-icon.jpg\" alt=\"pdf-icon\" width=\"30\" height=\"30\" \/> <a href=\"http:\/\/www.sim.utcluj.ro\/research\/pdf\/MBodea_Matehn02.pdf\" target=\"_blank\">A software program for computer modeling of powder elaboration process<\/a>, M.Bodea, E.Bicsak, N.Jumate, 3rd Int. Conf. on Mat. and Manufacturing Tech. MATEHN\u201902, Cluj-Napoca, Acta Technica Napocensis, 45 (2002), Part II, 507-512, DOI:\u00a010.13140\/2.1.4664.1448<\/p>\n<p><img loading=\"lazy\" decoding=\"async\" class=\"alignleft size-full wp-image-552\" src=\"http:\/\/www.sim.utcluj.ro\/wp\/wp-content\/uploads\/2015\/02\/pdf-icon.jpg\" alt=\"pdf-icon\" width=\"30\" height=\"30\" \/> <a href=\"http:\/\/www.sim.utcluj.ro\/research\/pdf\/matehn-02_Prica.pdf\" target=\"_blank\">On Lead Powder Loe Temperature X-Ray Diffraction<\/a>, Arghir, G., Baraian, M., Jumate, N., Prica, C.V., Proceeding of Third International Conference on Materials and Technologies,<br \/>\nMATEHN\u201902, Acta Technica Napocensis, vol. 45, p.524-527<\/p>\n<p><img loading=\"lazy\" decoding=\"async\" class=\"alignleft size-full wp-image-552\" src=\"http:\/\/www.sim.utcluj.ro\/wp\/wp-content\/uploads\/2015\/02\/pdf-icon.jpg\" alt=\"pdf-icon\" width=\"30\" height=\"30\" \/><a href=\"http:\/\/www.sim.utcluj.ro\/research\/pdf\/matehn-02_Brandusan.pdf\" target=\"_blank\">Aspects Regarding The Designing Of Parts Made From Sintered Metallic Powder Fatigue Solicitated<\/a>, Brandusan, L., Pavel, C., Domsa, S., Muresan, <em>R., <\/em>Proceedings of Third International Conference on Materials and Technologies, MATEHN\u201902, Acta Technica Napocensis, vol. 45, p.578-582.<\/p>\n<p><img loading=\"lazy\" decoding=\"async\" class=\"alignleft size-full wp-image-552\" src=\"http:\/\/www.sim.utcluj.ro\/wp\/wp-content\/uploads\/2015\/02\/pdf-icon.jpg\" alt=\"pdf-icon\" width=\"30\" height=\"30\" \/><a href=\"http:\/\/www.sim.utcluj.ro\/research\/pdf\/matehn-02_Pavel.pdf\" target=\"_blank\">The analysis of some factors induced through pressing which influence the fatigue strength of sintered materials<\/a>, Pavel, C., Palvalvi, A., Brandusan, L., Muresan, R., Proceedings of Proceeding of Third International Conference on Materials and Technologies, MATEHN\u201902, Acta Technica Napocensis, vol. 45, p.583-586.<\/p>\n<p><img loading=\"lazy\" decoding=\"async\" class=\"alignleft size-full wp-image-552\" src=\"http:\/\/www.sim.utcluj.ro\/wp\/wp-content\/uploads\/2015\/02\/pdf-icon.jpg\" alt=\"pdf-icon\" width=\"30\" height=\"30\" \/><a href=\"http:\/\/www.sim.utcluj.ro\/research\/pdf\/matehn-02_Muresan.pdf\" target=\"_blank\">The influence Mo on the density and mechanical properties of the heavy alloys<\/a>, Muresan, R., Pavel C., Dobra T., Brandusan L., Proceedings of Proceeding of Third International Conference on Materials and Technologies, MATEHN\u201902, Acta Technica Napocensis, vol. 45, p.587-590.<\/p>\n<p><img loading=\"lazy\" decoding=\"async\" class=\"alignleft size-full wp-image-552\" src=\"http:\/\/www.sim.utcluj.ro\/wp\/wp-content\/uploads\/2015\/02\/pdf-icon.jpg\" alt=\"pdf-icon\" width=\"30\" height=\"30\" \/><a href=\"http:\/\/www.sim.utcluj.ro\/research\/pdf\/matehn-02_Dobra.pdf\" target=\"_blank\">On The Welding Behavior Of Ag-Ni Composites For Electrical Contact Materials<\/a>, T. Dobra, R. Muresan, D. Bota, Proceedings of Proceeding of Third International Conference on Materials and Technologies, MATEHN\u201902, Acta Technica Napocensis, vol. 45, p.805-808.<\/p>\n<p><img loading=\"lazy\" decoding=\"async\" class=\"alignleft size-full wp-image-552\" src=\"http:\/\/www.sim.utcluj.ro\/wp\/wp-content\/uploads\/2015\/02\/pdf-icon.jpg\" alt=\"pdf-icon\" width=\"30\" height=\"30\" \/><a href=\"http:\/\/www.sim.utcluj.ro\/research\/pdf\/matehn-02_Sorcoi.pdf\" target=\"_blank\">Characterization of Cu-Ni powders obtained through the liquid phase atomisation process<\/a>, L. A. Sorcoi, M.V. Buharu, E. Bicsak, V. Constantinescu, D. Perne\u015f, Proceedings Acta Tehnica Napocensis, Third International Conference on Materials and Manufacturing Technologies MATEHN&#8217;02, 12-14 Sept. 2002 Cluj-Napoca, Section: Machine constructions, Materials, vol.45, part II, Ed.ROPRINT, p. 603-607.<\/p>\n<p><img loading=\"lazy\" decoding=\"async\" class=\"alignleft size-full wp-image-552\" src=\"http:\/\/www.sim.utcluj.ro\/wp\/wp-content\/uploads\/2015\/02\/pdf-icon.jpg\" alt=\"pdf-icon\" width=\"30\" height=\"30\" \/><a href=\"http:\/\/www.sim.utcluj.ro\/research\/pdf\/matehn-02_Buharu.pdf\" target=\"_blank\">Properties of sintered parts obtained from iron based powders produced by \u201cDuctil Iron Powder\u201d Buz\u0103u<\/a>, M. V. Buharu, E. Bicsak, L. A. Sorcoi, Proceedings Acta Tehnica Napocensis, Third International Conference on Materials and Manufacturing Technologies MATEHN&#8217;02, 12-14 Sept. 2002 Cluj-Napoca, Section: Machine constructions, Materials, vol.45, part II, Ed.ROPRINT, p. 513-517.<\/p>\n<p><img loading=\"lazy\" decoding=\"async\" class=\"alignleft size-full wp-image-552\" src=\"http:\/\/www.sim.utcluj.ro\/wp\/wp-content\/uploads\/2015\/02\/pdf-icon.jpg\" alt=\"pdf-icon\" width=\"30\" height=\"30\" \/><a href=\"http:\/\/www.sim.utcluj.ro\/research\/pdf\/matehn-02_Carceanu.pdf\" target=\"_blank\">W-Cu composite powder by mechanical alloying<\/a>, I. C\u00e2rceanu, I. Vida-Simiti, L. A. Sorcoi, V. Buharu, Proceedings Acta Tehnica Napocensis, Third International Conference on Materials and Manufacturing Technologies MATEHN&#8217;02, 12-14 Sept. 2002 Cluj-Napoca, Section: Machine Constructions, Materials, vol.45, part II, Ed.ROPRINT, p. 561-565.<\/p>\n<p><img loading=\"lazy\" decoding=\"async\" class=\"alignleft size-full wp-image-552\" src=\"http:\/\/www.sim.utcluj.ro\/wp\/wp-content\/uploads\/2015\/02\/pdf-icon.jpg\" alt=\"pdf-icon\" width=\"30\" height=\"30\" \/> <a href=\"http:\/\/www.sim.utcluj.ro\/research\/pdf\/Matehn_02_Negrea_1.pdf\" target=\"_blank\">Some Considerations Concerning the Chemical Vapour Deposition of Diamond from Water-Methanol Mixture<\/a>, G. Negrea, Third International Conference on Advanced Materials and Technologies, MATEHN \u201902, Cluj-Napoca, 12-14 Sept. 2002, Proceedings (Acta Technica Napocensis, vol. 45, 2002), pg. 649-654.<\/p>\n<p><img loading=\"lazy\" decoding=\"async\" class=\"alignleft size-full wp-image-552\" src=\"http:\/\/www.sim.utcluj.ro\/wp\/wp-content\/uploads\/2015\/02\/pdf-icon.jpg\" alt=\"pdf-icon\" width=\"30\" height=\"30\" \/> <a href=\"http:\/\/www.sim.utcluj.ro\/research\/pdf\/Matehn_02_Negrea_2.pdf\" target=\"_blank\">Evaluation of the Tendency Towards Formicary Type Corrosion of Copper Tubes in the Heat Exchangers for Air Conditioning<\/a>, V. Curicuta, G. Negrea, Third International Conference on Advanced Materials and Technologies, MATEHN \u201902, Cluj-Napoca, 12-14 Sept. 2002, Proceedings (Acta Technica Napocensis, vol. 45, 2002),\u00a0\u00a0 pg. 696-701.<\/p>\n<p><img loading=\"lazy\" decoding=\"async\" class=\"alignleft size-full wp-image-552\" src=\"http:\/\/www.sim.utcluj.ro\/wp\/wp-content\/uploads\/2015\/02\/pdf-icon.jpg\" alt=\"pdf-icon\" width=\"30\" height=\"30\" \/> <a href=\"http:\/\/www.sim.utcluj.ro\/research\/pdf\/Matehn_02_Negrea_3.pdf\" target=\"_blank\">The Influence Of Oil Quality On Tribocorrosion Of Steels<\/a>, H. Verme\u015fan, D. Jichi\u015fan M\u0103tie\u015fan, G. Verme\u015fan, G. Negrea, Third International Conference On Advanced Materials And Technologies, Matehn \u201902, Cluj-Napoca, 12-14 Sept. 2002, Proceedings (Acta Technica Napocensis, Vol. 45, 2002), Pg. 741-746<\/p>\n","protected":false},"excerpt":{"rendered":"<p>The Third International Conference on Materials and Manufacturing Technologies MATEHN&#8217;02 was held in Cluj-Napoca, Romania, from 12 to 14 September 2002. The Conference was organised by the Technical University of Cluj-Napoca and Ministry of Education and Research in collaboration with Romanian Academy of Technical Sciences, Romanian Society of Powder Metallurgy, Romanian Society of Materials Science, [&hellip;]<\/p>\n","protected":false},"author":1,"featured_media":0,"parent":495,"menu_order":0,"comment_status":"closed","ping_status":"closed","template":"","meta":{"footnotes":""},"class_list":["post-529","page","type-page","status-publish","hentry"],"_links":{"self":[{"href":"https:\/\/sim.utcluj.ro\/index.php?rest_route=\/wp\/v2\/pages\/529","targetHints":{"allow":["GET"]}}],"collection":[{"href":"https:\/\/sim.utcluj.ro\/index.php?rest_route=\/wp\/v2\/pages"}],"about":[{"href":"https:\/\/sim.utcluj.ro\/index.php?rest_route=\/wp\/v2\/types\/page"}],"author":[{"embeddable":true,"href":"https:\/\/sim.utcluj.ro\/index.php?rest_route=\/wp\/v2\/users\/1"}],"replies":[{"embeddable":true,"href":"https:\/\/sim.utcluj.ro\/index.php?rest_route=%2Fwp%2Fv2%2Fcomments&post=529"}],"version-history":[{"count":32,"href":"https:\/\/sim.utcluj.ro\/index.php?rest_route=\/wp\/v2\/pages\/529\/revisions"}],"predecessor-version":[{"id":606,"href":"https:\/\/sim.utcluj.ro\/index.php?rest_route=\/wp\/v2\/pages\/529\/revisions\/606"}],"up":[{"embeddable":true,"href":"https:\/\/sim.utcluj.ro\/index.php?rest_route=\/wp\/v2\/pages\/495"}],"wp:attachment":[{"href":"https:\/\/sim.utcluj.ro\/index.php?rest_route=%2Fwp%2Fv2%2Fmedia&parent=529"}],"curies":[{"name":"wp","href":"https:\/\/api.w.org\/{rel}","templated":true}]}}