{"id":516,"date":"2015-02-23T16:03:03","date_gmt":"2015-02-23T14:03:03","guid":{"rendered":"http:\/\/www.sim.utcluj.ro\/wp\/?page_id=516"},"modified":"2017-03-23T20:47:02","modified_gmt":"2017-03-23T18:47:02","slug":"ropm-2000","status":"publish","type":"page","link":"https:\/\/sim.utcluj.ro\/?page_id=516","title":{"rendered":"RoPM 2000"},"content":{"rendered":"<p>The Conference is organised by the Department of Materials Science and Technology, Faculty of Materials and Engineering, Technical University of Cluj, 6-8 July 2000, Cluj-Napoca, Romania<\/p>\n<p>ISBN 973-9471-50-1<br \/>\nISBN 973-9471-51-X<\/p>\n<p><a href=\"http:\/\/www.sim.utcluj.ro\/wp\/wp-content\/uploads\/2015\/02\/RoPM2000.jpg\"><img loading=\"lazy\" decoding=\"async\" class=\"alignleft size-full wp-image-511\" src=\"http:\/\/www.sim.utcluj.ro\/wp\/wp-content\/uploads\/2015\/02\/RoPM2000.jpg\" alt=\"RoPM2000\" width=\"600\" height=\"880\" srcset=\"https:\/\/sim.utcluj.ro\/wp-content\/uploads\/2015\/02\/RoPM2000.jpg 600w, https:\/\/sim.utcluj.ro\/wp-content\/uploads\/2015\/02\/RoPM2000-205x300.jpg 205w, https:\/\/sim.utcluj.ro\/wp-content\/uploads\/2015\/02\/RoPM2000-409x600.jpg 409w\" sizes=\"auto, (max-width: 600px) 100vw, 600px\" \/><\/a><\/p>\n<p><a href=\"http:\/\/www.sim.utcluj.ro\/wp\/wp-content\/uploads\/2015\/02\/RoPM2000_1.jpg\"><img loading=\"lazy\" decoding=\"async\" class=\"alignleft size-full wp-image-512\" src=\"http:\/\/www.sim.utcluj.ro\/wp\/wp-content\/uploads\/2015\/02\/RoPM2000_1.jpg\" alt=\"RoPM2000_1\" width=\"600\" height=\"869\" srcset=\"https:\/\/sim.utcluj.ro\/wp-content\/uploads\/2015\/02\/RoPM2000_1.jpg 600w, https:\/\/sim.utcluj.ro\/wp-content\/uploads\/2015\/02\/RoPM2000_1-207x300.jpg 207w, https:\/\/sim.utcluj.ro\/wp-content\/uploads\/2015\/02\/RoPM2000_1-414x600.jpg 414w\" sizes=\"auto, (max-width: 600px) 100vw, 600px\" \/><\/a><\/p>\n<p>Selected Papers:<\/p>\n<p><img loading=\"lazy\" decoding=\"async\" class=\"alignleft wp-image-552 size-full\" src=\"http:\/\/www.sim.utcluj.ro\/wp\/wp-content\/uploads\/2015\/02\/pdf-icon.jpg\" alt=\"pdf-icon\" width=\"30\" height=\"30\" \/><a href=\"http:\/\/www.sim.utcluj.ro\/research\/pdf\/RoPM2000_Sorcoi.pdf\" target=\"_blank\">About the structure and properties of sintered Cu-Ni alloys<\/a>, L.A.Sorcoi, V.Constantinescu, I.C\u00e2rceanu, N.Jumate, D.A.Perne\u015f, Powder Metallurgy Science and Technology, Second International Conference on Powder Metallurgy, RoPM 2000, Proceeding, vol.1, Cluj-Napoca, 6-8 July, 2000, p.133-138<\/p>\n<p><img loading=\"lazy\" decoding=\"async\" class=\"alignleft wp-image-552 size-full\" src=\"http:\/\/www.sim.utcluj.ro\/wp\/wp-content\/uploads\/2015\/02\/pdf-icon.jpg\" alt=\"pdf-icon\" width=\"30\" height=\"30\" \/><a href=\"http:\/\/www.sim.utcluj.ro\/research\/pdf\/RoPM2000_Sorcoi_1.pdf\" target=\"_blank\">Corrosion Behavior of sintered Cu-Ni compacts<\/a>, L.A.Sorcoi, E.M.Pic\u0103, I.C\u00e2rceanu, S.M.Bob, Powder Metallurgy science and Technology, Second International Conference on Powder Metallurgy, RoPM 2000, Proceeding, vol.2, Cluj-Napoca, 6-8 July, 2000, p.465-468.<\/p>\n<p><img loading=\"lazy\" decoding=\"async\" class=\"alignleft wp-image-552 size-full\" src=\"http:\/\/www.sim.utcluj.ro\/wp\/wp-content\/uploads\/2015\/02\/pdf-icon.jpg\" alt=\"pdf-icon\" width=\"30\" height=\"30\" \/><a href=\"http:\/\/www.sim.utcluj.ro\/research\/pdf\/RoPM2000_Bob.pdf\" target=\"_blank\">Study of the internal friction of the Fe-Mn Alloys destinated to springs manufacture<\/a>, S.M.Bob, V.Constantinescu, L.A.Sorcoi, Powder Metallurgy Science and Technology, Second International Conference on Powder Metallurgy, RoPM 2000, Proceeding, vol.2, Cluj-Napoca, 6-8 July, 2000, p.729-734.<\/p>\n<p><img loading=\"lazy\" decoding=\"async\" class=\"alignleft wp-image-552 size-full\" src=\"http:\/\/www.sim.utcluj.ro\/wp\/wp-content\/uploads\/2015\/02\/pdf-icon.jpg\" alt=\"pdf-icon\" width=\"30\" height=\"30\" \/><a href=\"http:\/\/www.sim.utcluj.ro\/research\/pdf\/RoPM2000_Sparchez.pdf\" target=\"_blank\">Study concerning the influence of annealing treatment on the proprieties of water atomized cast iron powder<\/a>, Z.Sp\u00e2rchez, N.Jumate, I.Chicina\u015f, L.A.Sorcoi, D.A.Perne\u015f, Powder Metallurgy Science and Technology, Second International Conference on Powder Metallurgy, RoPM 2000, Proceeding, vol.1, Cluj-Napoca, 6-8 July, 2000, p.371-378.<\/p>\n<p><img loading=\"lazy\" decoding=\"async\" class=\"alignleft wp-image-552 size-full\" src=\"http:\/\/www.sim.utcluj.ro\/wp\/wp-content\/uploads\/2015\/02\/pdf-icon.jpg\" alt=\"pdf-icon\" width=\"30\" height=\"30\" \/><a href=\"http:\/\/www.sim.utcluj.ro\/research\/pdf\/MBodea_RoPM2000.pdf\" target=\"_blank\">Geometrical Model for Improving the Homogeneity of Powder Mixtures and Compacts Obtained from two Components with Different Plasticity<\/a>, M. Bodea, Z. Sp\u00e2rchez, Technical University of Cluj-Napoca, Rom\u00e2nia, 2nd Int. Conf. on Powd. Metall. RoPM, I (2000), p. 95-98, DOI: 10.13140\/2.1.2566.9928<\/p>\n<p><img loading=\"lazy\" decoding=\"async\" class=\"alignleft wp-image-552 size-full\" src=\"http:\/\/www.sim.utcluj.ro\/wp\/wp-content\/uploads\/2015\/02\/pdf-icon.jpg\" alt=\"pdf-icon\" width=\"30\" height=\"30\" \/> <a href=\"http:\/\/www.sim.utcluj.ro\/research\/pdf\/RoPM2000_Prica.pdf\" target=\"_blank\">Research about some ceramic materials used like support for thermal treatment with microwave<\/a>, Prica, C.D., Arghir, G., Prica, C.V, Proceeding of Second International Conferece on Powder Metalurgy, RoPM2000, 6-8 July 2000, p. 129-132.<\/p>\n<p><a href=\"http:\/\/www.sim.utcluj.ro\/research\/pdf\/RoPM2000_Bodea.pdf\" target=\"_blank\"><img loading=\"lazy\" decoding=\"async\" class=\"alignleft wp-image-552 size-full\" src=\"http:\/\/www.sim.utcluj.ro\/wp\/wp-content\/uploads\/2015\/02\/pdf-icon.jpg\" alt=\"pdf-icon\" width=\"30\" height=\"30\" \/>Mechanical Properties And Structure Of Cr-Mo Low Alloyed Pm\/Steels Obtained From Prealloyed Powders<\/a>, M. Bodea, N. Jumate, Technical University of Cluj-Napoca, Rom\u00e2nia, 2nd Int. Conf. on Powd. Metall. RoPM 2000, Vol. II, p. 543-546<\/p>\n<p><a href=\"http:\/\/www.sim.utcluj.ro\/research\/pdf\/RoPM2000_Bodea.pdf\" target=\"_blank\"><img loading=\"lazy\" decoding=\"async\" class=\"alignleft wp-image-552 size-full\" src=\"http:\/\/www.sim.utcluj.ro\/wp\/wp-content\/uploads\/2015\/02\/pdf-icon.jpg\" alt=\"pdf-icon\" width=\"30\" height=\"30\" \/><\/a> <a href=\"http:\/\/www.sim.utcluj.ro\/research\/pdf\/RoPM2000_Negrea.pdf\" target=\"_blank\">Corrosion resistance of ion nitrided sintered stainless steels in 0.5 M sulphuric acid solution<\/a>, Verme\u015fan, G. Negrea, Second International Conference on Powder Metallurgy, RoPM, Cluj-Napoca-Romania, 6-8 iulie 2000, Proceedings, Vol. 2, pg. 663-668.<\/p>\n<p>&nbsp;<\/p>\n","protected":false},"excerpt":{"rendered":"<p>The Conference is organised by the Department of Materials Science and Technology, Faculty of Materials and Engineering, Technical University of Cluj, 6-8 July 2000, Cluj-Napoca, Romania ISBN 973-9471-50-1 ISBN 973-9471-51-X Selected Papers: About the structure and properties of sintered Cu-Ni alloys, L.A.Sorcoi, V.Constantinescu, I.C\u00e2rceanu, N.Jumate, D.A.Perne\u015f, Powder Metallurgy Science and Technology, Second International Conference on [&hellip;]<\/p>\n","protected":false},"author":1,"featured_media":0,"parent":495,"menu_order":0,"comment_status":"closed","ping_status":"closed","template":"","meta":{"footnotes":""},"class_list":["post-516","page","type-page","status-publish","hentry"],"_links":{"self":[{"href":"https:\/\/sim.utcluj.ro\/index.php?rest_route=\/wp\/v2\/pages\/516","targetHints":{"allow":["GET"]}}],"collection":[{"href":"https:\/\/sim.utcluj.ro\/index.php?rest_route=\/wp\/v2\/pages"}],"about":[{"href":"https:\/\/sim.utcluj.ro\/index.php?rest_route=\/wp\/v2\/types\/page"}],"author":[{"embeddable":true,"href":"https:\/\/sim.utcluj.ro\/index.php?rest_route=\/wp\/v2\/users\/1"}],"replies":[{"embeddable":true,"href":"https:\/\/sim.utcluj.ro\/index.php?rest_route=%2Fwp%2Fv2%2Fcomments&post=516"}],"version-history":[{"count":16,"href":"https:\/\/sim.utcluj.ro\/index.php?rest_route=\/wp\/v2\/pages\/516\/revisions"}],"predecessor-version":[{"id":603,"href":"https:\/\/sim.utcluj.ro\/index.php?rest_route=\/wp\/v2\/pages\/516\/revisions\/603"}],"up":[{"embeddable":true,"href":"https:\/\/sim.utcluj.ro\/index.php?rest_route=\/wp\/v2\/pages\/495"}],"wp:attachment":[{"href":"https:\/\/sim.utcluj.ro\/index.php?rest_route=%2Fwp%2Fv2%2Fmedia&parent=516"}],"curies":[{"name":"wp","href":"https:\/\/api.w.org\/{rel}","templated":true}]}}