{"id":495,"date":"2015-02-23T15:40:12","date_gmt":"2015-02-23T13:40:12","guid":{"rendered":"http:\/\/www.sim.utcluj.ro\/wp\/?page_id=495"},"modified":"2022-03-15T11:54:52","modified_gmt":"2022-03-15T09:54:52","slug":"conferinte-organizate","status":"publish","type":"page","link":"https:\/\/sim.utcluj.ro\/?page_id=495","title":{"rendered":"Evenimente \u0219tiin\u021bifice"},"content":{"rendered":"<p>Departamentul de \u015etiin\u0163a \u015fi Ingineria Materialelor a organizat o serie de conferin\u0163e \u015ftiin\u0163ifice \u00een colaborare cu universit\u0103\u0163i de prestigiu din Europa \u015fi din \u0163ar\u0103. Istoricul acestor evenimente \u00een ordine cronologic\u0103, este prezentat \u00een cele ce urmeaz\u0103:<\/p>\n<p><a title=\"RoPM 2009\" href=\"http:\/\/www.sim.utcluj.ro\/ropm-am2017\/\"><strong>RoPM&amp;AM 2017<\/strong><\/a><br \/>\nThe 5th International Conference on Powder Metallurgy &amp; Advanced Materials.<\/p>\n<p><a title=\"RoPM 2009\" href=\"http:\/\/www.sim.utcluj.ro\/wp\/?page_id=533\"><strong>RoPM 2009<\/strong><\/a><br \/>\nThe 4th International Conference on Powder Metallurgy, RoPM2009, organized under auspices of EUROPEAN POWDER METALLURGY ASSOCIATION.<\/p>\n<p><a title=\"MATEHN\u201906\" href=\"http:\/\/www.sim.utcluj.ro\/wp\/?page_id=543\"><strong>MATEHN 2006<\/strong><\/a><br \/>\nThe 4th International Conference on Materials and Manufacturing Technologies, Research in Powder Metallurgy.<\/p>\n<p><a title=\"RoPM 2005\" href=\"http:\/\/www.sim.utcluj.ro\/wp\/?page_id=524\"><strong>RoPM 2005<\/strong><\/a><br \/>\nThe 3rd International Conference &amp; Exibition On Powder Metallurgy, RoPM 2005. In cooperation with: VIENNA UNIVERSITY OF TECHNOLOGY &amp; INSTITUTE OF MATERIALS RESEARCH<br \/>\nOF THE SLOVAK ACADEMY OF SCIENCES, organized under auspices of EUROPEAN POWDER METALLURGY ASSOCIATION.<\/p>\n<p><a title=\"MATEHN\u201902\" href=\"http:\/\/www.sim.utcluj.ro\/wp\/?page_id=529\"><strong>MATEHN 2002<\/strong><\/a><br \/>\nThe 3rd International Conference on Materials and Manufacturing Technologies, Matehn&#8217;02.<\/p>\n<p><a title=\"RoPM 2000\" href=\"http:\/\/www.sim.utcluj.ro\/wp\/?page_id=516\"><strong>RoPM 2000<\/strong><\/a><br \/>\nSecond International Conference &amp; Exibition On Powder Metallurgy, RoPM2000.<\/p>\n<p><strong>MATEHN 1998<\/strong><br \/>\nSecond International Conference On Materials And Manufacturing Technologies Matehn&#8217;98.<\/p>\n<p><strong>RoPM 1996<\/strong><br \/>\nFirst International Conference &amp; Exibition on Powder Metallurgy, RoPM1996.<\/p>\n<p><strong>MATEHN 1994<br \/>\n<\/strong>First International Conference on Materials and Manufacturing Technologies Matehn&#8217;94<strong>.<\/strong><\/p>\n","protected":false},"excerpt":{"rendered":"<p>Departamentul de \u015etiin\u0163a \u015fi Ingineria Materialelor a organizat o serie de conferin\u0163e \u015ftiin\u0163ifice \u00een colaborare cu universit\u0103\u0163i de prestigiu din Europa \u015fi din \u0163ar\u0103. Istoricul acestor evenimente \u00een ordine cronologic\u0103, este prezentat \u00een cele ce urmeaz\u0103: RoPM&amp;AM 2017 The 5th International Conference on Powder Metallurgy &amp; Advanced Materials. RoPM 2009 The 4th International Conference on [&hellip;]<\/p>\n","protected":false},"author":1,"featured_media":0,"parent":69,"menu_order":0,"comment_status":"closed","ping_status":"closed","template":"","meta":{"footnotes":""},"class_list":["post-495","page","type-page","status-publish","hentry"],"_links":{"self":[{"href":"https:\/\/sim.utcluj.ro\/index.php?rest_route=\/wp\/v2\/pages\/495","targetHints":{"allow":["GET"]}}],"collection":[{"href":"https:\/\/sim.utcluj.ro\/index.php?rest_route=\/wp\/v2\/pages"}],"about":[{"href":"https:\/\/sim.utcluj.ro\/index.php?rest_route=\/wp\/v2\/types\/page"}],"author":[{"embeddable":true,"href":"https:\/\/sim.utcluj.ro\/index.php?rest_route=\/wp\/v2\/users\/1"}],"replies":[{"embeddable":true,"href":"https:\/\/sim.utcluj.ro\/index.php?rest_route=%2Fwp%2Fv2%2Fcomments&post=495"}],"version-history":[{"count":16,"href":"https:\/\/sim.utcluj.ro\/index.php?rest_route=\/wp\/v2\/pages\/495\/revisions"}],"predecessor-version":[{"id":2840,"href":"https:\/\/sim.utcluj.ro\/index.php?rest_route=\/wp\/v2\/pages\/495\/revisions\/2840"}],"up":[{"embeddable":true,"href":"https:\/\/sim.utcluj.ro\/index.php?rest_route=\/wp\/v2\/pages\/69"}],"wp:attachment":[{"href":"https:\/\/sim.utcluj.ro\/index.php?rest_route=%2Fwp%2Fv2%2Fmedia&parent=495"}],"curies":[{"name":"wp","href":"https:\/\/api.w.org\/{rel}","templated":true}]}}