{"id":2555,"date":"2021-03-23T21:25:29","date_gmt":"2021-03-23T19:25:29","guid":{"rendered":"https:\/\/sim.utcluj.ro\/?page_id=2555"},"modified":"2025-09-27T09:09:06","modified_gmt":"2025-09-27T07:09:06","slug":"ghid-pentru-intocmirea-si-sustinerea-proiectului-de-diploma","status":"publish","type":"page","link":"https:\/\/sim.utcluj.ro\/?page_id=2555","title":{"rendered":"Ghid pentru \u00eentocmirea \u0219i sus\u021binerea proiectului de diplom\u0103"},"content":{"rendered":"\n<p><\/p>\n\n\n\n<p>Proiectul de diplom\u0103 ce trebuie realizat \u00een vederea finaliz\u0103rii studiilor de licen\u021b\u0103 la specializarea &#8220;\u0218tiin\u021ba Materialelor&#8221; se va \u00eentomci conform <a href=\"https:\/\/sim.utcluj.ro\/wp-content\/uploads\/2025\/09\/Ghid-pentru-intocmirea-si-sustinerea-proiectului-de-diploma-de-la-specializarea-Stiinta-Materialelor.pdf\">ghidului pentru \u00eentocmirea \u0219i sus\u021binerea proiectului de diplom\u0103<\/a>.<\/p>\n\n\n\n<p>Studen\u021bii \/ absolven\u021bii se vor folosi de urm\u0103toarele documente \u00een elaborarea proiectului:<\/p>\n\n\n\n<ul class=\"wp-block-list\">\n<li>model <a href=\"https:\/\/sim.utcluj.ro\/wp-content\/uploads\/2025\/09\/Model-Coperta.docx\">copert\u0103<\/a><\/li>\n\n\n\n<li>model <a href=\"https:\/\/sim.utcluj.ro\/wp-content\/uploads\/2025\/09\/Model-Subcoperta.docx\">subcopert\u0103<\/a><\/li>\n\n\n\n<li>model <a href=\"https:\/\/sim.utcluj.ro\/wp-content\/uploads\/2025\/09\/Model-Prima-pagina.docx\">prima pagin\u0103<\/a><\/li>\n<\/ul>\n\n\n\n<p>\u00cen momentul \u00eenscrierii pentru sus\u021binerea proiectului, candida\u021bii vor ata\u0219a \u0219i <a href=\"https:\/\/sim.utcluj.ro\/wp-content\/uploads\/2025\/09\/Declaratie-autenticitate.doc\">declara\u021bia de autenticitate<\/a> \u0219i <a href=\"https:\/\/sim.utcluj.ro\/wp-content\/uploads\/2025\/09\/Declaratie-conformitate.doc\">declara\u021bia de conformitate<\/a>.<\/p>\n","protected":false},"excerpt":{"rendered":"<p>Proiectul de diplom\u0103 ce trebuie realizat \u00een vederea finaliz\u0103rii studiilor de licen\u021b\u0103 la specializarea &#8220;\u0218tiin\u021ba Materialelor&#8221; se va \u00eentomci conform ghidului pentru \u00eentocmirea \u0219i sus\u021binerea proiectului de diplom\u0103. Studen\u021bii \/ absolven\u021bii se vor folosi de urm\u0103toarele documente \u00een elaborarea proiectului: \u00cen momentul \u00eenscrierii pentru sus\u021binerea proiectului, candida\u021bii vor ata\u0219a \u0219i declara\u021bia de autenticitate \u0219i declara\u021bia [&hellip;]<\/p>\n","protected":false},"author":4,"featured_media":0,"parent":0,"menu_order":0,"comment_status":"closed","ping_status":"closed","template":"","meta":{"footnotes":""},"class_list":["post-2555","page","type-page","status-publish","hentry"],"_links":{"self":[{"href":"https:\/\/sim.utcluj.ro\/index.php?rest_route=\/wp\/v2\/pages\/2555","targetHints":{"allow":["GET"]}}],"collection":[{"href":"https:\/\/sim.utcluj.ro\/index.php?rest_route=\/wp\/v2\/pages"}],"about":[{"href":"https:\/\/sim.utcluj.ro\/index.php?rest_route=\/wp\/v2\/types\/page"}],"author":[{"embeddable":true,"href":"https:\/\/sim.utcluj.ro\/index.php?rest_route=\/wp\/v2\/users\/4"}],"replies":[{"embeddable":true,"href":"https:\/\/sim.utcluj.ro\/index.php?rest_route=%2Fwp%2Fv2%2Fcomments&post=2555"}],"version-history":[{"count":7,"href":"https:\/\/sim.utcluj.ro\/index.php?rest_route=\/wp\/v2\/pages\/2555\/revisions"}],"predecessor-version":[{"id":3740,"href":"https:\/\/sim.utcluj.ro\/index.php?rest_route=\/wp\/v2\/pages\/2555\/revisions\/3740"}],"wp:attachment":[{"href":"https:\/\/sim.utcluj.ro\/index.php?rest_route=%2Fwp%2Fv2%2Fmedia&parent=2555"}],"curies":[{"name":"wp","href":"https:\/\/api.w.org\/{rel}","templated":true}]}}