{"id":1430,"date":"2017-10-03T09:34:58","date_gmt":"2017-10-03T07:34:58","guid":{"rendered":"http:\/\/www.sim.utcluj.ro\/wp\/?page_id=1430"},"modified":"2018-10-07T22:32:05","modified_gmt":"2018-10-07T20:32:05","slug":"examen-materiale","status":"publish","type":"page","link":"https:\/\/sim.utcluj.ro\/?page_id=1430","title":{"rendered":"EXAMEN MATERIALE"},"content":{"rendered":"<p><b><span style=\"font-family: Calibri; font-size: large;\">PREZEN\u0162\u0102 ACTIV\u0102 CURSURI MATERIALE<\/span><\/b><\/p>\n<p><a href=\"https:\/\/docs.google.com\/forms\/d\/1tghFvUupOeei2HMNuZ0jV_aMLGEeBNySqOoLrYCY4CQ\/viewform\">SONDAJ<\/a><\/p>\n<p><a href=\"https:\/\/docs.google.com\/forms\/d\/1b3rrlEylYZXShOiXpXxfNPpW5rPDr27JctpJAOvp8mM\/viewform\">CURS 1<\/a>, <a href=\"https:\/\/docs.google.com\/forms\/d\/1pbaOvsU9i244ga58iNErS42xB9stIkS6W2y063-Y2g4\/viewform\">CURS 2<\/a>, <a href=\"https:\/\/docs.google.com\/forms\/d\/1muFzQmznmFI6PpZZMRtFDLyyYzfD4jGz_ZaRvnzPm-Y\/viewform\">CURS 3<\/a>, <a href=\"https:\/\/docs.google.com\/forms\/d\/1nmvAUEL1cw7d2CkfHCBrsHGL0N4b-VZ-bz8LS2KVqBc\/viewform\">CURS 4<\/a>, <a href=\"https:\/\/docs.google.com\/forms\/d\/e\/1FAIpQLSeHXwA9ofGOdF2KUpAgr0y00O4B0xO5o8s3M0OwURXOYK-H0g\/viewform\">CURS 5<\/a>, <a href=\"https:\/\/docs.google.com\/forms\/d\/e\/1FAIpQLSehHJ-eRCgvxMjT8uzIg2XuW2JUGuHN6fZx8e_edVfpXLwEGw\/viewform\">CURS 6<\/a>, <a href=\"https:\/\/docs.google.com\/forms\/d\/e\/1FAIpQLScLUlDsil527uLQJkeYcY5q3MitTJn-CiNwrr8zOCHpTyDxUw\/viewform\">CURS 7<\/a><\/p>\n<p><a href=\"https:\/\/docs.google.com\/forms\/d\/1Csn0rZaH4lJmprK0iyfGDwVINH7Bb0EvNAFuXGeV-qg\/viewform\">CURS 8<\/a>, <a href=\"https:\/\/docs.google.com\/forms\/d\/1nvKYF12pejJzbBkUBtojOs7ZV7fUXs_XDuLgM7mu5Jg\/viewform\">CURS 9<\/a>, <a href=\"https:\/\/docs.google.com\/forms\/d\/1mpNifBvIxxefRjT5BEFz2A9SLMWSr056PdpuUIHcvGo\/viewform\">CURS 10<\/a>, <a href=\"https:\/\/docs.google.com\/forms\/d\/1YyibKL1RYgAie8eOZASA73N9pQoetWTS2cbzgHjZnrk\/viewform\">CURS 11<\/a>, CURS 12, CURS 13, CURS 14<\/p>\n<p><a href=\"http:\/\/www.sim.utcluj.ro\/stm\/download\/Alba\/CentralizatorCluj.xlsx\">Descarc\u0103 situa\u0163ie intermediar\u0103 <\/a>(C1-C8)<\/p>\n<hr \/>\n<p><a href=\"http:\/\/www.sim.utcluj.ro\/wp\/?page_id=1497\">EXAMEN PAR\u0162IAL<\/a><\/p>\n<p><a href=\"http:\/\/www.sim.utcluj.ro\/wp\/?page_id=1542\">SESIUNEA DE IARN\u0102<\/a><\/p>\n<hr \/>\n<p><a href=\"mailto: mbodea@stm.utcluj.ro\">S.L.dr.ing. Bodea Marius<\/a><\/p>\n<p><span style=\"font-family: Calibri,sans-serif; font-size: large;\">Selecta\u0163i cursul curent pentru a valida prezen\u0163a dvs. activ\u0103. Se va deschide o pagin\u0103 web unde va trebui s\u0103 introduce\u0163i numele dvs. \u015fi adresa de e-mail. Dac\u0103 a\u0163i fost atent la cursul respectiv, ve\u0163i putea r\u0103spunde corect la cele <strong>3 \u00eentreb\u0103ri afi\u015fate<\/strong>, fiecare av\u00e2nd c\u00e2te<strong> 5 variante posibile de r\u0103spuns<\/strong>. \u00centreb\u0103rile pot avea <strong>unul<\/strong> sau <strong>mai multe r\u0103spunsuri corecte<\/strong>. Pentru fiecare \u00eentrebare la care a\u0163i r\u0103spuns corect \u015fi complet \u00een cazurile cu r\u0103spuns multiplu, ve\u0163i primi c\u00e2te 1 punct. Punctele se cumuleaz\u0103 pe toat\u0103 durata semestrului, iar la sf\u00e2r\u015fitul acestuia vor fi echivalate \u00een puncte finale care se acord\u0103 \u00een plus la nota final\u0103 (NF) ob\u0163inut\u0103.<br \/>\n<\/span><\/p>\n<p><span style=\"font-family: Calibri,sans-serif; font-size: large;\">Timpul de r\u0103spuns este de 10 minute, \u00een pauza dup\u0103 cele dou\u0103 ore de curs, respectiv \u00een intervalul de timp cuprins \u00eentre ora 14.00 \u2013 14.10. <strong>R\u0103spunsurile primite \u00een afara acestui interval de timp, nu vor fi luate \u00een considerare!<\/strong> S\u0103pt\u0103m\u00e2nal, ve\u0163i primi un mail cu punctajul ob\u0163inut la aceste teste, care v\u0103 pot aduce o m\u0103rire semnificativ\u0103 a notei finale la examenul de materiale. <\/span><\/p>\n<p><span style=\"font-family: Calibri,sans-serif; font-size: large;\">Nota la examenul de materiale va avea urm\u0103toarea structur\u0103:<\/span><\/p>\n<p><img loading=\"lazy\" decoding=\"async\" id=\"gmedia-image-86\" class=\"gmedia-singlepic alignnone\" title=\"StructuraNota\" src=\"http:\/\/www.sim.utcluj.ro\/wp\/wp-content\/grand-media\/image\/StructuraNota.jpg\" alt=\"StructuraNota\" width=\"533\" height=\"131\" \/><\/p>\n<p><span style=\"font-family: Calibri,sans-serif; font-size: large;\">unde:<\/span><\/p>\n<p><span style=\"font-family: Calibri,sans-serif; font-size: large;\">NF = not\u0103 final\u0103 la cursul de materiale<br \/>\nNL = not\u0103 laborator<br \/>\nP = not\u0103 par\u0163ial<br \/>\nEx = not\u0103 la examen\/verificare sesiune de iarn\u0103<br \/>\nPA = punctaj ob\u0163inut de la verificarea on-line prezen\u0163\u0103 activ\u0103<br \/>\nk = factor par\u0163ial (0 sau 1)<br \/>\n<\/span><\/p>\n<p><span style=\"font-family: Calibri,sans-serif; font-size: large;\"><b>Situa\u0163ii posibile:<\/b><br \/>\n1. Par\u0163ial nepromovat sau absent la verificarea de la mijlocul semestrului (Curs 7)<br \/>\nP = 0 atunci k =1.<br \/>\n\u00cen acest caz ponderea notelor la nota final\u0103 sunt:<br \/>\nLaborator (NL) &#8211; 30%<br \/>\nExamen (Ex) &#8211; 70%. La examen se primesc subiecte din Partea I \u015fi Partea II-a.<br \/>\n<\/span><\/p>\n<p><span style=\"font-family: Calibri,sans-serif; font-size: large;\">2. Par\u0163ial promovat, adic\u0103 P \u2265 5 atunci k =0.<br \/>\n\u00cen acest caz ponderea notelor la nota final\u0103 sunt:<br \/>\nLaborator (NL) &#8211; 30%<br \/>\nPar\u0163ial (P) &#8211; 30%<br \/>\nExamen (Ex) &#8211; 40%. La examen se primesc subiecte doar din Partea II-a.<\/span><\/p>\n<p>Echivalarea puctelor ob\u0163inute la prezen\u0163a activ\u0103 (verificare on-line) \u00een puncte finale se face dup\u0103 urm\u0103toarea formul\u0103:<\/p>\n<p>Pentru fiecare \u00eentrebare la care s-a r\u0103spuns <strong>corect<\/strong> \u015fi <strong>complet<\/strong> se va acorda c\u00e2te un punct. Astfel, se pot ob\u0163ine maxim c\u00e2te 3 puncte pentru o prezen\u0163\u0103 activ\u0103 la un curs.<\/p>\n<p><b>Se pot cumula astfel : 14 cursuri x 3 puncte = 42 puncte.<\/b><\/p>\n<p><b> <\/b>Fiecare punct ob\u0163inut la aceste teste echivaleaz\u0103 cu 0,05 puncte care se adaug\u0103 la nota final\u0103. Teoretic, <b>se pot ob\u0163ine maxim 42 puncte x 0.05 = 2.1 puncte la nota final\u0103<\/b>, \u00een func\u0163ie de nr. de prezen\u0163e active \u015fi de num\u0103rul de r\u0103spunsuri corecte date.<\/p>\n<p><b><span style=\"color: #ff0000; font-family: Calibri,sans-serif; font-size: large;\">Concluzia: Fiecare r\u0103spuns corect, conteaz\u0103! Mult succes. Punctajul suplimentar se acord\u0103 doar in cazul promov\u0103rii examenului.<\/span><\/b><\/p>\n","protected":false},"excerpt":{"rendered":"<p>PREZEN\u0162\u0102 ACTIV\u0102 CURSURI MATERIALE SONDAJ CURS 1, CURS 2, CURS 3, CURS 4, CURS 5, CURS 6, CURS 7 CURS 8, CURS 9, CURS 10, CURS 11, CURS 12, CURS 13, CURS 14 Descarc\u0103 situa\u0163ie intermediar\u0103 (C1-C8) EXAMEN PAR\u0162IAL SESIUNEA DE IARN\u0102 S.L.dr.ing. Bodea Marius Selecta\u0163i cursul curent pentru a valida prezen\u0163a dvs. activ\u0103. Se [&hellip;]<\/p>\n","protected":false},"author":1,"featured_media":0,"parent":1232,"menu_order":0,"comment_status":"closed","ping_status":"closed","template":"","meta":{"footnotes":""},"class_list":["post-1430","page","type-page","status-publish","hentry"],"_links":{"self":[{"href":"https:\/\/sim.utcluj.ro\/index.php?rest_route=\/wp\/v2\/pages\/1430","targetHints":{"allow":["GET"]}}],"collection":[{"href":"https:\/\/sim.utcluj.ro\/index.php?rest_route=\/wp\/v2\/pages"}],"about":[{"href":"https:\/\/sim.utcluj.ro\/index.php?rest_route=\/wp\/v2\/types\/page"}],"author":[{"embeddable":true,"href":"https:\/\/sim.utcluj.ro\/index.php?rest_route=\/wp\/v2\/users\/1"}],"replies":[{"embeddable":true,"href":"https:\/\/sim.utcluj.ro\/index.php?rest_route=%2Fwp%2Fv2%2Fcomments&post=1430"}],"version-history":[{"count":25,"href":"https:\/\/sim.utcluj.ro\/index.php?rest_route=\/wp\/v2\/pages\/1430\/revisions"}],"predecessor-version":[{"id":1617,"href":"https:\/\/sim.utcluj.ro\/index.php?rest_route=\/wp\/v2\/pages\/1430\/revisions\/1617"}],"up":[{"embeddable":true,"href":"https:\/\/sim.utcluj.ro\/index.php?rest_route=\/wp\/v2\/pages\/1232"}],"wp:attachment":[{"href":"https:\/\/sim.utcluj.ro\/index.php?rest_route=%2Fwp%2Fv2%2Fmedia&parent=1430"}],"curies":[{"name":"wp","href":"https:\/\/api.w.org\/{rel}","templated":true}]}}