{"id":1343,"date":"2017-04-08T18:06:24","date_gmt":"2017-04-08T16:06:24","guid":{"rendered":"http:\/\/www.sim.utcluj.ro\/wp\/?page_id=1343"},"modified":"2025-11-04T09:15:41","modified_gmt":"2025-11-04T07:15:41","slug":"stiri","status":"publish","type":"page","link":"https:\/\/sim.utcluj.ro\/?page_id=1343","title":{"rendered":"\u015eTIRI"},"content":{"rendered":"\n<h2 class=\"wp-block-heading\"><strong><mark style=\"background-color:rgba(0, 0, 0, 0)\" class=\"has-inline-color has-vivid-red-color\">Conferin\u021ba RoPM&amp;AM 2025<\/mark><\/strong><\/h2>\n\n\n\n<p>Conferin\u0163a interna\u0163ional\u0103 <strong>RoPM&amp;AM 2025<\/strong> (\u201eInternational Conference on Powder Metallurgy &amp; Advanced Materials\u201d) a avut loc \u00eentre <strong>29 octombrie \u015fi 1 noiembrie 2025<\/strong>, la Universitatea Tehnic\u0103 din Cluj\u2011Napoca. &nbsp;<\/p>\n\n\n\n<figure class=\"wp-block-image size-full is-resized\"><a href=\"https:\/\/sim.utcluj.ro\/wp-content\/uploads\/2025\/11\/Deschidere.jpg\"><img loading=\"lazy\" decoding=\"async\" width=\"917\" height=\"611\" src=\"https:\/\/sim.utcluj.ro\/wp-content\/uploads\/2025\/11\/Deschidere.jpg\" alt=\"\" class=\"wp-image-3753\" style=\"width:652px;height:auto\" srcset=\"https:\/\/sim.utcluj.ro\/wp-content\/uploads\/2025\/11\/Deschidere.jpg 917w, https:\/\/sim.utcluj.ro\/wp-content\/uploads\/2025\/11\/Deschidere-300x200.jpg 300w, https:\/\/sim.utcluj.ro\/wp-content\/uploads\/2025\/11\/Deschidere-768x512.jpg 768w, https:\/\/sim.utcluj.ro\/wp-content\/uploads\/2025\/11\/Deschidere-578x385.jpg 578w, https:\/\/sim.utcluj.ro\/wp-content\/uploads\/2025\/11\/Deschidere-285x190.jpg 285w, https:\/\/sim.utcluj.ro\/wp-content\/uploads\/2025\/11\/Deschidere-600x400.jpg 600w\" sizes=\"auto, (max-width: 917px) 100vw, 917px\" \/><\/a><\/figure>\n\n\n\n<p>Aceasta a fost cea de-a \u015fasea edi\u0163ie a evenimentului organizat\u0103 sub egida Academiei Rom\u00e2ne \u0219i a Academiei Tehnice din Rom\u00e2nia de c\u0103tre Departamentul de \u0218tiin\u021ba \u0219i Ingineria Materialelor din cadrul Facult\u0103\u021bii de Ingineria Materialelor \u0219i a Mediului.<\/p>\n\n\n\n<p>Conferin\u0163a a reunit speciali\u0219ti de prestigiu din \u021bar\u0103 \u0219i din str\u0103in\u0103tate, personalit\u0103\u021bi marcante din domeniul \u0219tiin\u021bei \u0219i ingineriei materialelor, directori de institute de cercetare din Fran\u021ba, Israel, Spania, Austria, Coreea de Sud \u0219i Rom\u00e2nia.<\/p>\n\n\n\n<figure class=\"wp-block-image size-large is-resized\"><a href=\"https:\/\/sim.utcluj.ro\/wp-content\/uploads\/2025\/11\/574413278_10233564138228402_562428444231803230_n.jpg\"><img loading=\"lazy\" decoding=\"async\" width=\"1024\" height=\"768\" src=\"https:\/\/sim.utcluj.ro\/wp-content\/uploads\/2025\/11\/574413278_10233564138228402_562428444231803230_n-1024x768.jpg\" alt=\"\" class=\"wp-image-3756\" style=\"width:647px;height:auto\" srcset=\"https:\/\/sim.utcluj.ro\/wp-content\/uploads\/2025\/11\/574413278_10233564138228402_562428444231803230_n-1024x768.jpg 1024w, https:\/\/sim.utcluj.ro\/wp-content\/uploads\/2025\/11\/574413278_10233564138228402_562428444231803230_n-300x225.jpg 300w, https:\/\/sim.utcluj.ro\/wp-content\/uploads\/2025\/11\/574413278_10233564138228402_562428444231803230_n-768x576.jpg 768w, https:\/\/sim.utcluj.ro\/wp-content\/uploads\/2025\/11\/574413278_10233564138228402_562428444231803230_n-1536x1152.jpg 1536w, https:\/\/sim.utcluj.ro\/wp-content\/uploads\/2025\/11\/574413278_10233564138228402_562428444231803230_n-513x385.jpg 513w, https:\/\/sim.utcluj.ro\/wp-content\/uploads\/2025\/11\/574413278_10233564138228402_562428444231803230_n-272x204.jpg 272w, https:\/\/sim.utcluj.ro\/wp-content\/uploads\/2025\/11\/574413278_10233564138228402_562428444231803230_n-600x450.jpg 600w, https:\/\/sim.utcluj.ro\/wp-content\/uploads\/2025\/11\/574413278_10233564138228402_562428444231803230_n.jpg 2048w\" sizes=\"auto, (max-width: 1024px) 100vw, 1024px\" \/><\/a><\/figure>\n\n\n\n<p>Evenimentul a fost structurat pe mai multe tematici, printre care:<\/p>\n\n\n\n<ul class=\"wp-block-list\">\n<li>Metalurgia pulberilor \u015fi produse PM (Powder Metallurgy)<\/li>\n\n\n\n<li>Materiale func\u0163ionale<\/li>\n\n\n\n<li>Materiale compozite<\/li>\n\n\n\n<li>Nanomateriale &amp; nanotehnologii<\/li>\n\n\n\n<li>Biomateriale<\/li>\n\n\n\n<li>Tehnologii de sudare \u015fi procesare<\/li>\n\n\n\n<li>Aspecte legate de s\u0103n\u0103tate, siguran\u0163\u0103 \u015fi mediu<\/li>\n<\/ul>\n\n\n\n<p>\u00cen cadrul evenimentului au fost premia\u021bi tineri cercet\u0103tori pentru cea mai bun\u0103 prezentare oral\u0103 \u0219i cea mai bun\u0103 lucrare \u0219tiin\u021bific\u0103.<\/p>\n\n\n\n<figure class=\"wp-block-image size-large is-resized\"><a href=\"https:\/\/sim.utcluj.ro\/wp-content\/uploads\/2025\/11\/WhatsApp-Image-2025-11-04-at-8.43.05-AM-1.jpeg\"><img loading=\"lazy\" decoding=\"async\" width=\"768\" height=\"1024\" src=\"https:\/\/sim.utcluj.ro\/wp-content\/uploads\/2025\/11\/WhatsApp-Image-2025-11-04-at-8.43.05-AM-1-768x1024.jpeg\" alt=\"\" class=\"wp-image-3763\" style=\"width:463px;height:auto\" srcset=\"https:\/\/sim.utcluj.ro\/wp-content\/uploads\/2025\/11\/WhatsApp-Image-2025-11-04-at-8.43.05-AM-1-768x1024.jpeg 768w, https:\/\/sim.utcluj.ro\/wp-content\/uploads\/2025\/11\/WhatsApp-Image-2025-11-04-at-8.43.05-AM-1-225x300.jpeg 225w, https:\/\/sim.utcluj.ro\/wp-content\/uploads\/2025\/11\/WhatsApp-Image-2025-11-04-at-8.43.05-AM-1-1152x1536.jpeg 1152w, https:\/\/sim.utcluj.ro\/wp-content\/uploads\/2025\/11\/WhatsApp-Image-2025-11-04-at-8.43.05-AM-1-289x385.jpeg 289w, https:\/\/sim.utcluj.ro\/wp-content\/uploads\/2025\/11\/WhatsApp-Image-2025-11-04-at-8.43.05-AM-1-153x204.jpeg 153w, https:\/\/sim.utcluj.ro\/wp-content\/uploads\/2025\/11\/WhatsApp-Image-2025-11-04-at-8.43.05-AM-1-450x600.jpeg 450w, https:\/\/sim.utcluj.ro\/wp-content\/uploads\/2025\/11\/WhatsApp-Image-2025-11-04-at-8.43.05-AM-1.jpeg 1200w\" sizes=\"auto, (max-width: 768px) 100vw, 768px\" \/><\/a><\/figure>\n\n\n\n<!--nextpage-->\n\n\n\n<p>________________________________________________________________________________________________________________________________<\/p>\n\n\n<h1 style=\"text-align: center;\"><span style=\"color: #800000;\"><strong>OPEN DOORS\u00a0<\/strong><\/span><\/h1>\n<h3 style=\"text-align: center;\">SAINT-GOBAIN CONSTRUCTION PRODUCTS<\/h3>\n<h4 style=\"text-align: center;\">ROMANIA \u2013 RIGIPS BUSINESS UNIT<\/h4>\n<p>Compania Saint-Gobain Construction Products Romania \u2013 Rigips Business Unit, parte a grupului mondial Saint-Gobain organizeaz\u0103 pe data de 23 noiembrie evenimentul OPEN DOORS adresat studen\u0163ilor \u015fi cadrelor didactice de la UTCN. Facultatea noastr\u0103 v\u0103 invita s\u0103 v\u0103 \u00eenscrie\u0163i pentru a participa la acest eveniment la adresa de mai jos, unde pute\u0163i ob\u0163ine informa\u0163ii suplimentare. Data limit\u0103 de \u00eenscriere este de 9 noiembrie 2018.<\/p>\n<p><strong><u><a href=\"http:\/\/www.saint-gobain.ro\/posturi-disponibile\/562163\">http:\/\/www.saint-gobain.ro\/posturi-disponibile\/562163<\/a><\/u><\/strong><\/p>\n<hr \/>\n<hr \/>\n<h1 style=\"text-align: center;\"><span style=\"color: #800000;\">SIMTECH JUNIOR<\/span><\/h1>\n<p style=\"text-align: center;\"><strong>Edi\u0163ia III-a<\/strong><\/p>\n<p>Vineri 18 mai 2018, ora 17.00 se va desf\u0103\u015fura concursul SIMTECH JUNIOR Edi\u0163ia III-a. Evenimentul are ca \u015fi obiective facilitarea form\u0103rii unei atitudini pozitive \u00een r\u00e2ndul\u00a0 elevilor privind studiul \u0219tiin\u021belor \u0219i al ingineriei, descoperirea elevilor cu aptitudini spre \u0219tiin\u021bele tehnice, precum \u0219i\u00a0 \u00eencurajarea\u00a0 acestora pentru urmarea unei cariere \u00een inginerie.<\/p>\n<p><a href=\"http:\/\/www.sim.utcluj.ro\/wp\/wp-content\/uploads\/2017\/03\/siglaSIMTECH.jpg\"><img loading=\"lazy\" decoding=\"async\" class=\"alignnone size-full wp-image-1132\" src=\"http:\/\/www.sim.utcluj.ro\/wp\/wp-content\/uploads\/2017\/03\/siglaSIMTECH.jpg\" alt=\"\" width=\"800\" height=\"286\" srcset=\"https:\/\/sim.utcluj.ro\/wp-content\/uploads\/2017\/03\/siglaSIMTECH.jpg 800w, https:\/\/sim.utcluj.ro\/wp-content\/uploads\/2017\/03\/siglaSIMTECH-300x107.jpg 300w, https:\/\/sim.utcluj.ro\/wp-content\/uploads\/2017\/03\/siglaSIMTECH-768x275.jpg 768w\" sizes=\"auto, (max-width: 800px) 100vw, 800px\" \/><\/a><\/p>\n<p><a href=\"http:\/\/www.sim.utcluj.ro\/wp\/wp-content\/uploads\/2017\/05\/Master_2017.jpg\"><img loading=\"lazy\" decoding=\"async\" class=\"alignnone size-full wp-image-1412\" src=\"http:\/\/www.sim.utcluj.ro\/wp\/wp-content\/uploads\/2017\/05\/Master_2017.jpg\" alt=\"\" width=\"800\" height=\"566\" srcset=\"https:\/\/sim.utcluj.ro\/wp-content\/uploads\/2017\/05\/Master_2017.jpg 800w, https:\/\/sim.utcluj.ro\/wp-content\/uploads\/2017\/05\/Master_2017-300x212.jpg 300w, https:\/\/sim.utcluj.ro\/wp-content\/uploads\/2017\/05\/Master_2017-768x543.jpg 768w, https:\/\/sim.utcluj.ro\/wp-content\/uploads\/2017\/05\/Master_2017-600x425.jpg 600w\" sizes=\"auto, (max-width: 800px) 100vw, 800px\" \/><\/a><\/p>\n<hr \/>\n<hr \/>\n<h3><span style=\"color: #800000;\">5<sup>th<\/sup> Powder Metallurgy &amp; Advanced Materials<\/span><\/h3>\n<h2 style=\"text-align: center;\"><span style=\"color: #800000;\">RoPM&amp;AM 2017<\/span><\/h2>\n<p>\u00cen perioada 17-20 septembrie 2017, la Hotel UNIVERS T din Cluj-Napoca va avea loc Conferin\u0163a Interna\u0163ional\u0103 de Metalurgia Pulberilor \u015fi Materiale Avansate<\/p>\n<p style=\"text-align: center;\"><a href=\"http:\/\/www.sim.utcluj.ro\/wp\/wp-content\/uploads\/2017\/04\/RoPM_small.jpg\"><img loading=\"lazy\" decoding=\"async\" class=\"alignnone size-full wp-image-1344\" src=\"http:\/\/www.sim.utcluj.ro\/wp\/wp-content\/uploads\/2017\/04\/RoPM_small.jpg\" alt=\"\" width=\"200\" height=\"85\" \/><\/a><\/p>\n<p><strong>5<sup>th<\/sup> Powder Metallurgy &amp; Advanced Materials, RoPM&amp;AM 2017<\/strong><\/p>\n<p>organizat\u0103 de c\u0103tre UTCN prin Departamentul de \u015etiin\u0163a \u015fi Ingineria Materialelor, \u00een colaborare cu Universitatea Tehnic\u0103 din Viena. Informatii suplimentare pute\u0163i g\u0103si la adresa <a href=\"http:\/\/www.sim.utcluj.ro\/ropm-am2017\">http:\/\/www.sim.utcluj.ro\/ropm-am2017<\/a><\/p>\n<p>V\u0103 invit\u0103m s\u0103 participa\u0163i la acest eveniment, iar dac\u0103 ave\u0163i cercet\u0103ri \u00een domeniu, v\u0103 rug\u0103m s\u0103 le comunica\u0163i prin trimiterea unor lucr\u0103ri \u015ftiin\u0163ifice.<\/p>\n<hr \/>\n<p>&nbsp;<\/p>","protected":false},"excerpt":{"rendered":"<p>Conferin\u021ba RoPM&amp;AM 2025 Conferin\u0163a interna\u0163ional\u0103 RoPM&amp;AM 2025 (\u201eInternational Conference on Powder Metallurgy &amp; Advanced Materials\u201d) a avut loc \u00eentre 29 octombrie \u015fi 1 noiembrie 2025, la Universitatea Tehnic\u0103 din Cluj\u2011Napoca. &nbsp; Aceasta a fost cea de-a \u015fasea edi\u0163ie a evenimentului organizat\u0103 sub egida Academiei Rom\u00e2ne \u0219i a Academiei Tehnice din Rom\u00e2nia de c\u0103tre Departamentul de [&hellip;]<\/p>\n","protected":false},"author":1,"featured_media":0,"parent":815,"menu_order":0,"comment_status":"closed","ping_status":"closed","template":"","meta":{"footnotes":""},"class_list":["post-1343","page","type-page","status-publish","hentry"],"_links":{"self":[{"href":"https:\/\/sim.utcluj.ro\/index.php?rest_route=\/wp\/v2\/pages\/1343","targetHints":{"allow":["GET"]}}],"collection":[{"href":"https:\/\/sim.utcluj.ro\/index.php?rest_route=\/wp\/v2\/pages"}],"about":[{"href":"https:\/\/sim.utcluj.ro\/index.php?rest_route=\/wp\/v2\/types\/page"}],"author":[{"embeddable":true,"href":"https:\/\/sim.utcluj.ro\/index.php?rest_route=\/wp\/v2\/users\/1"}],"replies":[{"embeddable":true,"href":"https:\/\/sim.utcluj.ro\/index.php?rest_route=%2Fwp%2Fv2%2Fcomments&post=1343"}],"version-history":[{"count":25,"href":"https:\/\/sim.utcluj.ro\/index.php?rest_route=\/wp\/v2\/pages\/1343\/revisions"}],"predecessor-version":[{"id":3766,"href":"https:\/\/sim.utcluj.ro\/index.php?rest_route=\/wp\/v2\/pages\/1343\/revisions\/3766"}],"up":[{"embeddable":true,"href":"https:\/\/sim.utcluj.ro\/index.php?rest_route=\/wp\/v2\/pages\/815"}],"wp:attachment":[{"href":"https:\/\/sim.utcluj.ro\/index.php?rest_route=%2Fwp%2Fv2%2Fmedia&parent=1343"}],"curies":[{"name":"wp","href":"https:\/\/api.w.org\/{rel}","templated":true}]}}